{"id":2010,"date":"2025-07-14T17:51:28","date_gmt":"2025-07-14T17:51:28","guid":{"rendered":"https:\/\/asqhub.com\/arbidia\/?page_id=2010"},"modified":"2025-09-21T21:24:41","modified_gmt":"2025-09-21T21:24:41","slug":"freight-mobile","status":"publish","type":"page","link":"https:\/\/asqhub.com\/arbidia\/freight-mobile\/","title":{"rendered":"Freight Mobile"},"content":{"rendered":"<div class=\"wpb-content-wrapper\"><section style=\"\" class=\"vc_section mask vc_custom_1758489874378 vc_section-has-fill\"><div style=\"\" class=\"vc_row wpb_row vc_row-fluid vc_custom_1575622061060\"><div class=\"row-inner\"><div class=\"wpb_column vc_column_container vc_col-sm-7\"><div class=\"vc_column-inner\"><div class=\"wpb_wrapper\"><div style=\"font-size: 3rem;color: #ffffff;text-align: left\" class=\"vc_custom_heading vc_do_custom_heading delay-1 custom-hd wpb_animate_when_almost_visible wpb_fadeInUp fadeInUp vc_custom_1752512031789\" >Nos modules<\/div><div class=\"vc_empty_space\"   style=\"height: 20px\"><span class=\"vc_empty_space_inner\"><\/span><\/div><h2 style=\"font-size: 6rem;color: #ffffff;line-height: 0.9;text-align: left\" class=\"vc_custom_heading vc_do_custom_heading custom-hd delay-2 wpb_animate_when_almost_visible wpb_fadeInUp fadeInUp\" >FREIGHT MOBILE<\/h2><div class=\"vc_separator wpb_content_element vc_separator_align_center vc_sep_width_10 vc_sep_border_width_5 vc_sep_pos_align_left vc_separator_no_text vc_sep_color_white vc_custom_1540432371541 wpb_content_element  vc_custom_1540432371541 wpb_content_element delay-4 wpb_animate_when_almost_visible wpb_fadeInUp fadeInUp wpb_animate_when_almost_visible wpb_fadeInUp fadeInUp\" ><span class=\"vc_sep_holder vc_sep_holder_l\"><span class=\"vc_sep_line\"><\/span><\/span><span class=\"vc_sep_holder vc_sep_holder_r\"><span class=\"vc_sep_line\"><\/span><\/span>\n<\/div>\n\t<div class=\"wpb_text_column wpb_content_element wpb_animate_when_almost_visible wpb_fadeInUp fadeInUp vc_custom_1752512180649 delay-3\" >\n\t\t<div class=\"wpb_wrapper\">\n\t\t\t<p><a class=\"button line\" href=\"https:\/\/asqhub.com\/arbidia\/contact-us\/\">Demander une d\u00e9mo<\/a><\/p>\n\n\t\t<\/div>\n\t<\/div>\n<\/div><\/div><\/div><div class=\"wpb_column vc_column_container vc_col-sm-5\"><div class=\"vc_column-inner\"><div class=\"wpb_wrapper\"><\/div><\/div><\/div><\/div><\/div><\/section><section style=\"\" id=\"overview\" class=\"vc_section\"><div style=\"background-position: center center !important; background-size: 100% 100% !important;\" class=\"vc_row wpb_row vc_row-fluid vc_custom_1758489827935\"><div class=\"row-inner\"><div class=\"wpb_column vc_column_container vc_col-sm-6\"><div class=\"vc_column-inner\"><div class=\"wpb_wrapper\"><div class=\"vc_empty_space\"   style=\"height: 80px\"><span class=\"vc_empty_space_inner\"><\/span><\/div><div  class=\"vc_wp_text wpb_content_element\"><div class=\"widget widget_text\">\t\t\t<div class=\"textwidget\"><\/p>\n<h2 class=\"vc_custom_heading vc_do_custom_heading\"><span style=\"color: #0a51df;\">La coordination parfaite pour des op\u00e9rations efficaces<\/span><\/h2>\n<p>\n<\/div>\n\t\t<\/div><\/div><div  class=\"vc_wp_text wpb_content_element\"><div class=\"widget widget_text\">\t\t\t<div class=\"textwidget\"><p>&nbsp;<\/p>\n<div class=\"wpb_text_column wpb_content_element\">\n<div class=\"wpb_wrapper\">\n<p><span style=\"color: #000000;\">Application mobile d\u00e9di\u00e9e aux chauffeurs, assurant une coordination optimale, une r\u00e9activit\u00e9 imm\u00e9diate face aux impr\u00e9vus et une gestion fluide des op\u00e9rations<\/span><\/p>\n<\/div>\n<\/div>\n<p>\n<\/div>\n\t\t<\/div><\/div><div class=\"vc_btn3-container  wpb_animate_when_almost_visible wpb_fadeInLeft fadeInLeft vc_btn3-center vc_custom_1758489816963 vc_do_btn\" ><a onmouseleave=\"this.style.borderColor='#0AE8C8'; this.style.backgroundColor='transparent'; this.style.color='#0AE8C8'\" onmouseenter=\"this.style.borderColor='#0AE8C8'; this.style.backgroundColor='#0AE8C8'; this.style.color='#00000000';\" style=\"border-color:#0AE8C8; color:#0AE8C8;\" class=\"vc_general vc_btn3 vc_btn3-size-lg vc_btn3-shape-rounded vc_btn3-style-outline-custom vc_btn3-block vc_btn3-icon-left\" href=\"https:\/\/asqhub.com\/arbidia\/contact\/\" title=\"Contactez-nous\"><i class=\"vc_btn3-icon fa fa-solid fa-link\"><\/i> D\u00e9mo<\/a><\/div><\/div><\/div><\/div><div class=\"wpb_column vc_column_container vc_col-sm-6\"><div class=\"vc_column-inner\"><div class=\"wpb_wrapper\"><div class=\"wpb_images_carousel wpb_content_element vc_clearfix wpb_content_element\"><div class=\"wpb_wrapper\"><div id=\"vc_images-carousel-1-1776318817\" data-ride=\"vc_carousel\" data-wrap=\"true\" style=\"width: 100%;\" data-interval=\"5000\" data-auto-height=\"yes\" data-mode=\"horizontal\" data-partial=\"false\" data-per-view=\"1\" data-hide-on-end=\"false\" class=\"vc_slide vc_images_carousel\"><div class=\"vc_carousel-inner\"><div class=\"vc_carousel-slideline\"><div class=\"vc_carousel-slideline-inner\"><div class=\"vc_item\"><div class=\"vc_inner\"><a class=\"\" href=\"https:\/\/asqhub.com\/arbidia\/wp-content\/uploads\/2025\/09\/2-819x1024.png\" data-lightbox=\"lightbox[rel-2010-3394796731]\"><img decoding=\"async\" class=\"\" src=\"https:\/\/asqhub.com\/arbidia\/wp-content\/uploads\/2025\/09\/2-800x800.png\" width=\"800\" height=\"800\" alt=\"2\" title=\"2\" loading=\"lazy\" \/><\/a><\/div><\/div><div class=\"vc_item\"><div class=\"vc_inner\"><a class=\"\" href=\"https:\/\/asqhub.com\/arbidia\/wp-content\/uploads\/2025\/09\/3-819x1024.png\" data-lightbox=\"lightbox[rel-2010-3394796731]\"><img decoding=\"async\" class=\"\" src=\"https:\/\/asqhub.com\/arbidia\/wp-content\/uploads\/2025\/09\/3-800x800.png\" width=\"800\" height=\"800\" alt=\"3\" title=\"3\" loading=\"lazy\" \/><\/a><\/div><\/div><div class=\"vc_item\"><div class=\"vc_inner\"><a class=\"\" href=\"https:\/\/asqhub.com\/arbidia\/wp-content\/uploads\/2025\/09\/1-819x1024.png\" data-lightbox=\"lightbox[rel-2010-3394796731]\"><img decoding=\"async\" class=\"\" src=\"https:\/\/asqhub.com\/arbidia\/wp-content\/uploads\/2025\/09\/1-800x800.png\" width=\"800\" height=\"800\" alt=\"1\" title=\"1\" loading=\"lazy\" \/><\/a><\/div><\/div><\/div><\/div><\/div><\/div><\/div><\/div><\/div><\/div><\/div><\/div><\/div><\/section><section style=\"\" class=\"vc_section\"><div style=\"\" class=\"vc_row wpb_row vc_row-fluid vc_custom_1752513861998 vc_row-has-fill\"><div class=\"row-inner\"><div class=\"wpb_column vc_column_container vc_col-sm-12\"><div class=\"vc_column-inner\"><div class=\"wpb_wrapper\"><h3 style=\"color: #ffffff;text-align: center\" class=\"vc_custom_heading vc_do_custom_heading\" >Fonctionnalit\u00e9s de FREIGHT MOBILE<\/h3><div class=\"vc_empty_space\"   style=\"height: 32px\"><span class=\"vc_empty_space_inner\"><\/span><\/div><\/div><\/div><\/div><div class=\"wpb_column vc_column_container vc_col-sm-12\"><div class=\"vc_column-inner\"><div class=\"wpb_wrapper\"><div class=\"vc_row wpb_row vc_inner vc_row-fluid\"><div class=\"wpb_column vc_column_container vc_col-sm-4\"><div class=\"vc_column-inner\"><div class=\"wpb_wrapper\"><div class=\"iconbox style4 \">\n\n\t<h4 class=\"box-title\">Temps r\u00e9el<\/h4>\n\t<div class=\"box-detail\">\n\t\t<\/p>\n<p style=\"text-align: center\"><span style=\"color: #ffffff\">R\u00e9ception des mises \u00e0 jour en temps r\u00e9el pour rester inform\u00e9 de l&rsquo;\u00e9tat des tourn\u00e9es.<\/span><\/p>\n<p>\n\t\n\t<\/div>\n\t<div class=\"box-icon\"><img decoding=\"async\" src=\"https:\/\/asqhub.com\/arbidia\/wp-content\/uploads\/2018\/08\/package-delivered-2312_17814d8b-9916-4be1-b4c7-2a636c4f081e.svg\" alt=\"Temps r\u00e9el\" \/><\/div>\t\n\t\n<\/div><\/div><\/div><\/div><div class=\"wpb_column vc_column_container vc_col-sm-4\"><div class=\"vc_column-inner\"><div class=\"wpb_wrapper\"><div class=\"iconbox style4 \">\n\n\t<h4 class=\"box-title\">Gestion<\/h4>\n\t<div class=\"box-detail\">\n\t\t<\/p>\n<p style=\"text-align: center\"><span style=\"color: #ffffff\">Assigne aux conducteurs la gestion et la validation des op\u00e9rations d&rsquo;enl\u00e8vement et de livraison.<\/span><\/p>\n<p>\n\t\n\t<\/div>\n\t<div class=\"box-icon\"><img decoding=\"async\" src=\"https:\/\/asqhub.com\/arbidia\/wp-content\/uploads\/2018\/10\/data-app-1773_fbc7ba70-c0d5-4cc7-a53f-afec52c9f809.svg\" alt=\"Gestion\" \/><\/div>\t\n\t\n<\/div><\/div><\/div><\/div><div class=\"wpb_column vc_column_container vc_col-sm-4\"><div class=\"vc_column-inner\"><div class=\"wpb_wrapper\"><div class=\"iconbox style4 \">\n\n\t<h4 class=\"box-title\">Documentation<\/h4>\n\t<div class=\"box-detail\">\n\t\t<\/p>\n<p style=\"text-align: center\"><span style=\"color: #ffffff\">Insertion des preuves de transport pour la confirmation de la livraison des biens apr\u00e8s chaque mission.<\/span><\/p>\n<p>\n\t\n\t<\/div>\n\t<div class=\"box-icon\"><img decoding=\"async\" src=\"https:\/\/asqhub.com\/arbidia\/wp-content\/uploads\/2018\/08\/certificate-3906_9409fbfb-3ac8-44aa-bdc3-e7793fad872f.svg\" alt=\"Documentation\" \/><\/div>\t\n\t\n<\/div><\/div><\/div><\/div><\/div><\/div><\/div><\/div><\/div><\/div><\/section>\n<\/div>","protected":false},"excerpt":{"rendered":"Nos modulesFREIGHT MOBILE Demander une d\u00e9mo La coordination parfaite pour des op\u00e9rations efficaces &nbsp; Application mobile d\u00e9di\u00e9e aux chauffeurs, assurant une coordination optimale, une r\u00e9activit\u00e9 imm\u00e9diate face aux impr\u00e9vus et une gestion fluide des op\u00e9rations D\u00e9moFonctionnalit\u00e9s de FREIGHT MOBILE Temps r\u00e9el R\u00e9ception des mises \u00e0 jour en temps r\u00e9el pour rester inform\u00e9 de l'\u00e9tat des [...]","protected":false},"author":1,"featured_media":0,"parent":0,"menu_order":0,"comment_status":"closed","ping_status":"closed","template":"tmpl\/template-fullwidth.php","meta":{"_acf_changed":false,"om_disable_all_campaigns":false,"pagelayer_contact_templates":[],"_pagelayer_content":"","_monsterinsights_skip_tracking":false,"_monsterinsights_sitenote_active":false,"_monsterinsights_sitenote_note":"","_monsterinsights_sitenote_category":0,"footnotes":""},"class_list":["post-2010","page","type-page","status-publish","hentry"],"acf":[],"aioseo_notices":[],"_links":{"self":[{"href":"https:\/\/asqhub.com\/arbidia\/wp-json\/wp\/v2\/pages\/2010","targetHints":{"allow":["GET"]}}],"collection":[{"href":"https:\/\/asqhub.com\/arbidia\/wp-json\/wp\/v2\/pages"}],"about":[{"href":"https:\/\/asqhub.com\/arbidia\/wp-json\/wp\/v2\/types\/page"}],"author":[{"embeddable":true,"href":"https:\/\/asqhub.com\/arbidia\/wp-json\/wp\/v2\/users\/1"}],"replies":[{"embeddable":true,"href":"https:\/\/asqhub.com\/arbidia\/wp-json\/wp\/v2\/comments?post=2010"}],"version-history":[{"count":5,"href":"https:\/\/asqhub.com\/arbidia\/wp-json\/wp\/v2\/pages\/2010\/revisions"}],"predecessor-version":[{"id":2470,"href":"https:\/\/asqhub.com\/arbidia\/wp-json\/wp\/v2\/pages\/2010\/revisions\/2470"}],"wp:attachment":[{"href":"https:\/\/asqhub.com\/arbidia\/wp-json\/wp\/v2\/media?parent=2010"}],"curies":[{"name":"wp","href":"https:\/\/api.w.org\/{rel}","templated":true}]}}