{"id":1984,"date":"2025-07-14T16:46:20","date_gmt":"2025-07-14T16:46:20","guid":{"rendered":"https:\/\/asqhub.com\/arbidia\/?page_id=1984"},"modified":"2025-09-28T21:25:33","modified_gmt":"2025-09-28T21:25:33","slug":"freight-navigator","status":"publish","type":"page","link":"https:\/\/asqhub.com\/arbidia\/freight-navigator\/","title":{"rendered":"FREIGHT NAVIGATOR"},"content":{"rendered":"<div class=\"wpb-content-wrapper\"><section style=\"\" class=\"vc_section mask vc_custom_1758488783724 vc_section-has-fill\"><div style=\"\" class=\"vc_row wpb_row vc_row-fluid vc_custom_1575622061060\"><div class=\"row-inner\"><div class=\"wpb_column vc_column_container vc_col-sm-7\"><div class=\"vc_column-inner\"><div class=\"wpb_wrapper\"><div style=\"font-size: 3rem;color: #ffffff;text-align: left\" class=\"vc_custom_heading vc_do_custom_heading delay-1 custom-hd wpb_animate_when_almost_visible wpb_fadeInUp fadeInUp vc_custom_1752512031789\" >Nos modules<\/div><div class=\"vc_empty_space\"   style=\"height: 20px\"><span class=\"vc_empty_space_inner\"><\/span><\/div><h2 style=\"font-size: 6rem;color: #ffffff;line-height: 0.9;text-align: left\" class=\"vc_custom_heading vc_do_custom_heading custom-hd delay-2 wpb_animate_when_almost_visible wpb_fadeInUp fadeInUp\" >FREIGHT Navigator<\/h2><div class=\"vc_separator wpb_content_element vc_separator_align_center vc_sep_width_10 vc_sep_border_width_5 vc_sep_pos_align_left vc_separator_no_text vc_sep_color_white vc_custom_1540432371541 wpb_content_element  vc_custom_1540432371541 wpb_content_element delay-4 wpb_animate_when_almost_visible wpb_fadeInUp fadeInUp wpb_animate_when_almost_visible wpb_fadeInUp fadeInUp\" ><span class=\"vc_sep_holder vc_sep_holder_l\"><span class=\"vc_sep_line\"><\/span><\/span><span class=\"vc_sep_holder vc_sep_holder_r\"><span class=\"vc_sep_line\"><\/span><\/span>\n<\/div>\n\t<div class=\"wpb_text_column wpb_content_element wpb_animate_when_almost_visible wpb_fadeInUp fadeInUp vc_custom_1752512180649 delay-3\" >\n\t\t<div class=\"wpb_wrapper\">\n\t\t\t<p><a class=\"button line\" href=\"https:\/\/asqhub.com\/arbidia\/contact-us\/\">Demander une d\u00e9mo<\/a><\/p>\n\n\t\t<\/div>\n\t<\/div>\n<\/div><\/div><\/div><div class=\"wpb_column vc_column_container vc_col-sm-5\"><div class=\"vc_column-inner\"><div class=\"wpb_wrapper\"><\/div><\/div><\/div><\/div><\/div><\/section><section style=\"\" id=\"overview\" class=\"vc_section\"><div style=\"background-position: center center !important; background-size: 100% 100% !important;\" class=\"vc_row wpb_row vc_row-fluid vc_custom_1758488337894\"><div class=\"row-inner\"><div class=\"wpb_column vc_column_container vc_col-sm-6\"><div class=\"vc_column-inner\"><div class=\"wpb_wrapper\"><div class=\"vc_empty_space\"   style=\"height: 80px\"><span class=\"vc_empty_space_inner\"><\/span><\/div><div  class=\"vc_wp_text wpb_content_element\"><div class=\"widget widget_text\">\t\t\t<div class=\"textwidget\"><\/p>\n<h2 class=\"vc_custom_heading vc_do_custom_heading\"><span style=\"color: #0a51df;\">Le contr\u00f4le pr\u00e9cis de chaque trajet, \u00e0 chaque instant<\/span><\/h2>\n<p>\n<\/div>\n\t\t<\/div><\/div><div  class=\"vc_wp_text wpb_content_element\"><div class=\"widget widget_text\">\t\t\t<div class=\"textwidget\"><p>&nbsp;<\/p>\n<div class=\"wpb_text_column wpb_content_element\">\n<div class=\"wpb_wrapper\">\n<p><span style=\"color: #000000;\">C\u2019est e module responsable de la cr\u00e9ation et de la mise \u00e0 jour des profils des conducteurs, ainsi que de la gestion des unit\u00e9s de transport. Il assure une coordination optimale entre les conducteurs et les v\u00e9hicules, facilitant ainsi la planification des tourn\u00e9es.<\/span><\/p>\n<\/div>\n<\/div>\n<p>\n<\/div>\n\t\t<\/div><\/div><div class=\"vc_btn3-container  wpb_animate_when_almost_visible wpb_fadeInLeft fadeInLeft vc_btn3-center vc_custom_1758488312695 vc_do_btn\" ><a onmouseleave=\"this.style.borderColor='#0AE8C8'; this.style.backgroundColor='transparent'; this.style.color='#0AE8C8'\" onmouseenter=\"this.style.borderColor='#0AE8C8'; this.style.backgroundColor='#0AE8C8'; this.style.color='#FFFFFF';\" style=\"border-color:#0AE8C8; color:#0AE8C8;\" class=\"vc_general vc_btn3 vc_btn3-size-lg vc_btn3-shape-rounded vc_btn3-style-outline-custom vc_btn3-block vc_btn3-icon-left\" href=\"https:\/\/asqhub.com\/arbidia\/contact\/\" title=\"Contactez-nous\"><i class=\"vc_btn3-icon fa fa-solid fa-link\"><\/i> D\u00e9mo<\/a><\/div><\/div><\/div><\/div><div class=\"wpb_column vc_column_container vc_col-sm-6\"><div class=\"vc_column-inner\"><div class=\"wpb_wrapper\">\n\t<div  class=\"wpb_single_image wpb_content_element vc_align_left wpb_content_element\">\n\t\t\n\t\t<figure class=\"wpb_wrapper vc_figure\">\n\t\t\t<div class=\"vc_single_image-wrapper   vc_box_border_grey\"><img loading=\"lazy\" decoding=\"async\" width=\"712\" height=\"712\" src=\"https:\/\/asqhub.com\/arbidia\/wp-content\/uploads\/2025\/09\/freight-navigator-01.png\" class=\"vc_single_image-img attachment-full\" alt=\"\" title=\"freight navigator-01\" srcset=\"https:\/\/asqhub.com\/arbidia\/wp-content\/uploads\/2025\/09\/freight-navigator-01.png 712w, https:\/\/asqhub.com\/arbidia\/wp-content\/uploads\/2025\/09\/freight-navigator-01-300x300.png 300w, https:\/\/asqhub.com\/arbidia\/wp-content\/uploads\/2025\/09\/freight-navigator-01-150x150.png 150w\" sizes=\"auto, (max-width: 712px) 100vw, 712px\" \/><\/div>\n\t\t<\/figure>\n\t<\/div>\n<\/div><\/div><\/div><\/div><\/div><\/section><section style=\"\" class=\"vc_section\"><div style=\"\" class=\"vc_row wpb_row vc_row-fluid vc_custom_1759094015909 vc_row-has-fill\"><div class=\"row-inner\"><div class=\"wpb_column vc_column_container vc_col-sm-12\"><div class=\"vc_column-inner\"><div class=\"wpb_wrapper\"><h3 style=\"color: #ffffff;text-align: center\" class=\"vc_custom_heading vc_do_custom_heading vc_custom_1758489089072\" >Fonctionnalit\u00e9s de FREIGHT NAVIGATOR<\/h3><div class=\"vc_row wpb_row vc_inner vc_row-fluid\"><div class=\"wpb_animate_when_almost_visible fadeIn delay-1 wpb_column vc_column_container vc_col-sm-1\/5 vc_col-lg-1\/5 vc_col-xs-6\"><div class=\"vc_column-inner\"><div class=\"wpb_wrapper\"><div class=\"iconbox style4  vc_custom_1758489219485\">\n\n\t<h4 class=\"box-title\">Gestion<\/h4>\n\t<div class=\"box-detail\">\n\t\t<p><span style=\"color: #ffffff\">Gestion et suivi r\u00e9el de la disponibilit\u00e9 des v\u00e9hicules et des chauffeurs, facilitant une planification efficace et conforme aux contraintes op\u00e9rationnelles.<\/span><\/p>\n\t\n\t<\/div>\n\t<div class=\"box-icon\"><img decoding=\"async\" src=\"https:\/\/asqhub.com\/arbidia\/wp-content\/uploads\/2018\/09\/computer-network-1878_39828809-88f9-48e1-9a76-61c99401ec99.svg\" alt=\"Gestion\" \/><\/div>\t\n\t\n<\/div><div class=\"vc_empty_space\"   style=\"height: 30px\"><span class=\"vc_empty_space_inner\"><\/span><\/div><\/div><\/div><\/div><div class=\"wpb_animate_when_almost_visible fadeIn delay-2 wpb_column vc_column_container vc_col-sm-1\/5 vc_col-lg-1\/5 vc_col-xs-6\"><div class=\"vc_column-inner\"><div class=\"wpb_wrapper\"><div class=\"iconbox style4  vc_custom_1758489137281\">\n\n\t<h4 class=\"box-title\">Tableau de bord<\/h4>\n\t<div class=\"box-detail\">\n\t\t<p><span style=\"color: #ffffff\">Tableau de bord interactif pour une visualisation en temps r\u00e9el des donn\u00e9es essentielles de chaque conducteur et v\u00e9hicule.<\/span><\/p>\n\t\n\t<\/div>\n\t<div class=\"box-icon\"><img decoding=\"async\" src=\"https:\/\/asqhub.com\/arbidia\/wp-content\/uploads\/2018\/08\/certificate-3906_9409fbfb-3ac8-44aa-bdc3-e7793fad872f.svg\" alt=\"Tableau de bord\" \/><\/div>\t\n\t\n<\/div><div class=\"vc_empty_space\"   style=\"height: 30px\"><span class=\"vc_empty_space_inner\"><\/span><\/div><\/div><\/div><\/div><div class=\"wpb_animate_when_almost_visible fadeIn delay-3 wpb_column vc_column_container vc_col-sm-1\/5 vc_col-lg-1\/5 vc_col-xs-6\"><div class=\"vc_column-inner\"><div class=\"wpb_wrapper\"><div class=\"iconbox style4 \">\n\n\t<h4 class=\"box-title\">Gestion \u00e9lectronique<\/h4>\n\t<div class=\"box-detail\">\n\t\t<p><span style=\"color: #ffffff\">Gestion \u00e9lectronique centralis\u00e9e des documents des v\u00e9hicules et des chauffeurs, assurant conformit\u00e9 r\u00e9glementaire, accessibilit\u00e9 rapide et r\u00e9duction des t\u00e2ches administratives.<\/span><\/p>\n\t\n\t<\/div>\n\t<div class=\"box-icon\"><img decoding=\"async\" src=\"https:\/\/asqhub.com\/arbidia\/wp-content\/uploads\/2018\/10\/data-app-1773_fbc7ba70-c0d5-4cc7-a53f-afec52c9f809.svg\" alt=\"Gestion \u00e9lectronique\" \/><\/div>\t\n\t\n<\/div><div class=\"vc_empty_space\"   style=\"height: 30px\"><span class=\"vc_empty_space_inner\"><\/span><\/div><\/div><\/div><\/div><div class=\"wpb_animate_when_almost_visible fadeIn delay-4 wpb_column vc_column_container vc_col-sm-1\/5 vc_col-lg-1\/5 vc_col-xs-6\"><div class=\"vc_column-inner\"><div class=\"wpb_wrapper\"><div class=\"iconbox style4 \">\n\n\t<h4 class=\"box-title\">Gestion proactive<\/h4>\n\t<div class=\"box-detail\">\n\t\t<p><span style=\"color: #ffffff\">Gestion proactive des entretiens des v\u00e9hicules gr\u00e2ce \u00e0 des rappels automatis\u00e9s, assurant le respect des \u00e9ch\u00e9ances r\u00e9glementaires, \u00e9vitant ainsi les retards et les p\u00e9nalit\u00e9s associ\u00e9es.<\/span><\/p>\n\t\n\t<\/div>\n\t<div class=\"box-icon\"><img decoding=\"async\" src=\"https:\/\/asqhub.com\/arbidia\/wp-content\/uploads\/2018\/08\/package-delivered-2312_17814d8b-9916-4be1-b4c7-2a636c4f081e.svg\" alt=\"Gestion proactive\" \/><\/div>\t\n\t\n<\/div><div class=\"vc_empty_space\"   style=\"height: 30px\"><span class=\"vc_empty_space_inner\"><\/span><\/div><\/div><\/div><\/div><div class=\"wpb_animate_when_almost_visible fadeIn delay-5 wpb_column vc_column_container vc_col-sm-1\/5 vc_col-lg-1\/5 vc_col-xs-6\"><div class=\"vc_column-inner\"><div class=\"wpb_wrapper\"><div class=\"iconbox style4  vc_custom_1758489202844\">\n\n\t<h6 class=\"box-title\">Num\u00e9risation automatique<\/h6>\n\t<div class=\"box-detail\">\n\t\t<p><span style=\"color: #ffffff\">Num\u00e9risation automatique des documents physiques (permis de conduire, cartes grises, etc.)<\/span><\/p>\n\t\n\t<\/div>\n\t<div class=\"box-icon\"><img decoding=\"async\" src=\"https:\/\/asqhub.com\/arbidia\/wp-content\/uploads\/2018\/08\/health-6332_fc720e72-c337-4f55-ac5e-081bb75924ec.svg\" alt=\"Num\u00e9risation automatique\" \/><\/div>\t\n\t\n<\/div><div class=\"vc_empty_space\"   style=\"height: 30px\"><span class=\"vc_empty_space_inner\"><\/span><\/div><\/div><\/div><\/div><\/div><\/div><\/div><\/div><\/div><\/div><\/section>\n<\/div>","protected":false},"excerpt":{"rendered":"Nos modulesFREIGHT Navigator Demander une d\u00e9mo Le contr\u00f4le pr\u00e9cis de chaque trajet, \u00e0 chaque instant &nbsp; C\u2019est e module responsable de la cr\u00e9ation et de la mise \u00e0 jour des profils des conducteurs, ainsi que de la gestion des unit\u00e9s de transport. Il assure une coordination optimale entre les conducteurs et les v\u00e9hicules, facilitant ainsi [...]","protected":false},"author":1,"featured_media":0,"parent":0,"menu_order":0,"comment_status":"closed","ping_status":"closed","template":"tmpl\/template-fullwidth.php","meta":{"_acf_changed":false,"om_disable_all_campaigns":false,"pagelayer_contact_templates":[],"_pagelayer_content":"","_monsterinsights_skip_tracking":false,"_monsterinsights_sitenote_active":false,"_monsterinsights_sitenote_note":"","_monsterinsights_sitenote_category":0,"footnotes":""},"class_list":["post-1984","page","type-page","status-publish","hentry"],"acf":[],"aioseo_notices":[],"_links":{"self":[{"href":"https:\/\/asqhub.com\/arbidia\/wp-json\/wp\/v2\/pages\/1984","targetHints":{"allow":["GET"]}}],"collection":[{"href":"https:\/\/asqhub.com\/arbidia\/wp-json\/wp\/v2\/pages"}],"about":[{"href":"https:\/\/asqhub.com\/arbidia\/wp-json\/wp\/v2\/types\/page"}],"author":[{"embeddable":true,"href":"https:\/\/asqhub.com\/arbidia\/wp-json\/wp\/v2\/users\/1"}],"replies":[{"embeddable":true,"href":"https:\/\/asqhub.com\/arbidia\/wp-json\/wp\/v2\/comments?post=1984"}],"version-history":[{"count":45,"href":"https:\/\/asqhub.com\/arbidia\/wp-json\/wp\/v2\/pages\/1984\/revisions"}],"predecessor-version":[{"id":2663,"href":"https:\/\/asqhub.com\/arbidia\/wp-json\/wp\/v2\/pages\/1984\/revisions\/2663"}],"wp:attachment":[{"href":"https:\/\/asqhub.com\/arbidia\/wp-json\/wp\/v2\/media?parent=1984"}],"curies":[{"name":"wp","href":"https:\/\/api.w.org\/{rel}","templated":true}]}}