{"id":1960,"date":"2025-07-14T14:24:51","date_gmt":"2025-07-14T14:24:51","guid":{"rendered":"https:\/\/asqhub.com\/arbidia\/?page_id=1960"},"modified":"2025-11-03T18:05:00","modified_gmt":"2025-11-03T18:05:00","slug":"transport-de-produits-frais","status":"publish","type":"page","link":"https:\/\/asqhub.com\/arbidia\/transport-de-produits-frais\/","title":{"rendered":"Transport de Produits Frais"},"content":{"rendered":"<div class=\"wpb-content-wrapper\"><section style=\"\" class=\"vc_section mask vc_custom_1758494668723 vc_section-has-fill\"><div style=\"\" class=\"vc_row wpb_row vc_row-fluid vc_custom_1575623754696\"><div class=\"row-inner\"><div class=\"wpb_column vc_column_container vc_col-sm-2\"><div class=\"vc_column-inner\"><div class=\"wpb_wrapper\"><\/div><\/div><\/div><div class=\"wpb_column vc_column_container vc_col-sm-8\"><div class=\"vc_column-inner\"><div class=\"wpb_wrapper\"><div style=\"font-size: 18px;color: #ffffff;text-align: center\" class=\"vc_custom_heading vc_do_custom_heading delay-1 custom-hd wpb_animate_when_almost_visible wpb_fadeInUp fadeInUp vc_custom_1752497396386\" >Des cas d\u2019usage concrets pour chaque secteur<\/div><div class=\"vc_empty_space\"   style=\"height: 20px\"><span class=\"vc_empty_space_inner\"><\/span><\/div><h2 style=\"font-size: 70px;color: #ffffff;line-height: 1.5;text-align: center\" class=\"vc_custom_heading vc_do_custom_heading custom-hd delay-2 wpb_animate_when_almost_visible wpb_fadeInUp fadeInUp\" >Cas d\u2019usage FREIGTSURE<\/h2><div class=\"vc_separator wpb_content_element vc_separator_align_center vc_sep_width_10 vc_sep_border_width_5 vc_sep_pos_align_center vc_separator_no_text vc_sep_color_white vc_custom_1540434017521 wpb_content_element  vc_custom_1540434017521 wpb_content_element delay-4 wpb_animate_when_almost_visible wpb_fadeInUp fadeInUp wpb_animate_when_almost_visible wpb_fadeInUp fadeInUp\" ><span class=\"vc_sep_holder vc_sep_holder_l\"><span class=\"vc_sep_line\"><\/span><\/span><span class=\"vc_sep_holder vc_sep_holder_r\"><span class=\"vc_sep_line\"><\/span><\/span>\n<\/div>\n\t<div class=\"wpb_text_column wpb_content_element wpb_animate_when_almost_visible wpb_fadeInUp fadeInUp vc_custom_1752494953896 delay-3\" >\n\t\t<div class=\"wpb_wrapper\">\n\t\t\t<p style=\"text-align: center;\"><a class=\"button line\" href=\"https:\/\/asqhub.com\/arbidia\/contact-us\/\" target=\"_blank\" rel=\"noopener\">Demandez votre devis d\u00e8s maintenant !<\/a><\/p>\n\n\t\t<\/div>\n\t<\/div>\n<\/div><\/div><\/div><div class=\"wpb_column vc_column_container vc_col-sm-2\"><div class=\"vc_column-inner\"><div class=\"wpb_wrapper\"><\/div><\/div><\/div><\/div><\/div><\/section><section style=\"\" id=\"overview\" class=\"vc_section\"><div style=\"\" class=\"vc_row wpb_row vc_row-fluid\"><div class=\"row-inner\"><div class=\"wpb_column vc_column_container vc_col-sm-12 vc_hidden-sm vc_hidden-xs\"><div class=\"vc_column-inner\"><div class=\"wpb_wrapper\"><div  class=\"wpb_widgetised_column wpb_content_element\">\n\t\t<div class=\"wpb_wrapper\">\n\t\t\t\n\t\t\t<div id=\"nav_menu-8\" class=\"widget-odd widget-last widget-first widget-1 fixed-menu widget widget_nav_menu\"><div class=\"menu-industries-container\"><ul id=\"menu-industries\" class=\"menu\"><li id=\"menu-item-1274\" class=\"menu-item menu-item-type-custom menu-item-object-custom menu-item-1274\"><a href=\"https:\/\/asqhub.com\/arbidia\/cas-dusage-freigtsure\/\" data-ps2id-api=\"true\">Transport de Collectivit\u00e9s &#038; Produits Laitiers<\/a><\/li>\n<li id=\"menu-item-1300\" class=\"menu-item menu-item-type-custom menu-item-object-custom menu-item-1300\"><a href=\"https:\/\/asqhub.com\/arbidia\/transport-dhydrocarbures\/\" data-ps2id-api=\"true\">Transport d\u2019Hydrocarbures<\/a><\/li>\n<li id=\"menu-item-1275\" class=\"menu-item menu-item-type-custom menu-item-object-custom menu-item-1275\"><a href=\"https:\/\/asqhub.com\/arbidia\/transport-agricole\/\" data-ps2id-api=\"true\">Transport Agricole<\/a><\/li>\n<li id=\"menu-item-1276\" class=\"menu-item menu-item-type-custom menu-item-object-custom menu-item-1276\"><a href=\"https:\/\/asqhub.com\/arbidia\/transport-de-produits-frais\/\" data-ps2id-api=\"true\">Transport de Produits Frais<\/a><\/li>\n<li id=\"menu-item-1277\" class=\"menu-item menu-item-type-custom menu-item-object-custom menu-item-1277\"><a href=\"https:\/\/asqhub.com\/arbidia\/retail-distribution\/\" data-ps2id-api=\"true\">Retail &#038; Distribution<\/a><\/li>\n<li id=\"menu-item-1280\" class=\"menu-item menu-item-type-custom menu-item-object-custom menu-item-1280\"><a href=\"https:\/\/asqhub.com\/arbidia\/faq-freightsure\/\" data-ps2id-api=\"true\">FAQ<\/a><\/li>\n<\/ul><\/div><\/div>\n\t\t<\/div>\n\t<\/div>\n<\/div><\/div><\/div><\/div><\/div><div style=\"\" class=\"vc_row wpb_row vc_row-fluid gradient2\"><div class=\"row-inner\"><div class=\"wpb_column vc_column_container vc_col-sm-2\"><div class=\"vc_column-inner\"><div class=\"wpb_wrapper\"><\/div><\/div><\/div><div class=\"wpb_column vc_column_container vc_col-sm-8\"><div class=\"vc_column-inner\"><div class=\"wpb_wrapper\"><div class=\"vc_empty_space\"   style=\"height: 80px\"><span class=\"vc_empty_space_inner\"><\/span><\/div><div class=\"vc_empty_space\"   style=\"height: 6px\"><span class=\"vc_empty_space_inner\"><\/span><\/div><h3 style=\"text-align: center\" class=\"vc_custom_heading vc_do_custom_heading\" >Votre performance, notre priorit\u00e9<\/h3><div class=\"vc_empty_space\"   style=\"height: 20px\"><span class=\"vc_empty_space_inner\"><\/span><\/div>\n\t<div class=\"wpb_text_column wpb_content_element\" >\n\t\t<div class=\"wpb_wrapper\">\n\t\t\t<p style=\"text-align: center;\">ABRIDIA a exploit\u00e9 son expertise en gestion du transport pour d\u00e9velopper divers cas d\u2019usage de FREIGHTSURE TMS, permettant ainsi de r\u00e9pondre aux besoins sp\u00e9cifiques de multiples secteurs et m\u00e9tiers. D\u00e9couvrez comment notre solution optimise la performance de vos op\u00e9rations, quel que soit votre domaine d\u2019activit\u00e9.<\/p>\n\n\t\t<\/div>\n\t<\/div>\n<div class=\"vc_empty_space\"   style=\"height: 60px\"><span class=\"vc_empty_space_inner\"><\/span><\/div><\/div><\/div><\/div><div class=\"wpb_column vc_column_container vc_col-sm-2\"><div class=\"vc_column-inner\"><div class=\"wpb_wrapper\"><\/div><\/div><\/div><\/div><\/div><\/section><section style=\"\" id=\"sectors\" class=\"vc_section gradient3 vc_custom_1575623287555\"><div style=\"\" class=\"vc_row wpb_row vc_row-fluid\"><div class=\"row-inner\"><div class=\"wpb_column vc_column_container vc_col-sm-12\"><div class=\"vc_column-inner\"><div class=\"wpb_wrapper\"><h6 style=\"font-size: 10px;color: #627792;text-align: center\" class=\"vc_custom_heading vc_do_custom_heading style1\" >Nos cas d\u2019usage sectoriels<\/h6><div class=\"vc_empty_space\"   style=\"height: 6px\"><span class=\"vc_empty_space_inner\"><\/span><\/div><h3 style=\"text-align: center\" class=\"vc_custom_heading vc_do_custom_heading\" >Transport de Produits Frais<\/h3><div class=\"vc_empty_space\"   style=\"height: 30px\"><span class=\"vc_empty_space_inner\"><\/span><\/div><\/div><\/div><\/div><\/div><\/div><div style=\"\" class=\"vc_row wpb_row vc_row-fluid vc_custom_1575623400425 vc_row-has-fill vc_column-gap-35 vc_row-o-content-middle vc_row-flex\"><div class=\"row-inner\"><div class=\"delay-1 wpb_animate_when_almost_visible wpb_fadeIn fadeIn wpb_column vc_column_container vc_col-sm-6\"><div class=\"vc_column-inner\"><div class=\"wpb_wrapper\"><div class=\"vc_empty_space\"   style=\"height: 6px\"><span class=\"vc_empty_space_inner\"><\/span><\/div><h3 style=\"text-align: left\" class=\"vc_custom_heading vc_do_custom_heading\" >Z\u00e9ro rupture de la cha\u00eene du froid, 100% de contr\u00f4le<\/h3><div class=\"vc_empty_space\"   style=\"height: 20px\"><span class=\"vc_empty_space_inner\"><\/span><\/div>\n\t<div class=\"wpb_text_column wpb_content_element\" >\n\t\t<div class=\"wpb_wrapper\">\n\t\t\t<p>Dans les m\u00e9tiers du frais, chaque degr\u00e9 compte. FREIGHTSURE garantit une surveillance compl\u00e8te des conditions de transport, avec alertes intelligentes pour \u00e9viter toute d\u00e9viation critique.<\/p>\n\n\t\t<\/div>\n\t<\/div>\n<div class=\"vc_empty_space\"   style=\"height: 50px\"><span class=\"vc_empty_space_inner\"><\/span><\/div><div class=\"vc_empty_space\"   style=\"height: 20px\"><span class=\"vc_empty_space_inner\"><\/span><\/div><div class=\"vc_btn3-container vc_btn3-center vc_do_btn\" ><a onmouseleave=\"this.style.borderColor='#0AE8C8'; this.style.backgroundColor='transparent'; this.style.color='#0AE8C8'\" onmouseenter=\"this.style.borderColor='#0AE8C8'; this.style.backgroundColor='#0AE8C8'; this.style.color='#FFFFFF';\" style=\"border-color:#0AE8C8; color:#0AE8C8;\" class=\"vc_general vc_btn3 vc_btn3-size-lg vc_btn3-shape-rounded vc_btn3-style-outline-custom vc_btn3-block vc_btn3-icon-left\" href=\"https:\/\/asqhub.com\/arbidia\/contact\/\" title=\"Demander une d\u00e9mo\" target=\"_blank\"><i class=\"vc_btn3-icon vc_li vc_li-mail\"><\/i> Demander une d\u00e9mo<\/a><\/div><\/div><\/div><\/div><div class=\"wpb_column vc_column_container vc_col-sm-6\"><div class=\"vc_column-inner\"><div class=\"wpb_wrapper\">\n\t<div  class=\"wpb_single_image wpb_content_element vc_align_left wpb_content_element wpb_animate_when_almost_visible wpb_fadeInRight fadeInRight\">\n\t\t\n\t\t<figure class=\"wpb_wrapper vc_figure\">\n\t\t\t<div class=\"vc_single_image-wrapper vc_box_shadow  vc_box_border_grey\"><img decoding=\"async\" class=\"vc_single_image-img \" src=\"https:\/\/asqhub.com\/arbidia\/wp-content\/uploads\/2025\/09\/FS-PLAN-1080x700.png\" width=\"1080\" height=\"700\" alt=\"FS PLAN\" title=\"FS PLAN\" loading=\"lazy\" \/><\/div>\n\t\t<\/figure>\n\t<\/div>\n<div class=\"vc_empty_space\"   style=\"height: 20px\"><span class=\"vc_empty_space_inner\"><\/span><\/div><\/div><\/div><\/div><\/div><\/div><div style=\"\" class=\"vc_row wpb_row vc_row-fluid vc_row-o-equal-height vc_row-flex\"><div class=\"row-inner\"><div class=\"wpb_column vc_column_container vc_col-sm-4\"><div class=\"vc_column-inner\"><div class=\"wpb_wrapper\"><div class=\"iconbox   vc_custom_1758494604479\">\n\n\t<h4 class=\"box-title\">Technologies embarqu\u00e9es<\/h4>\n\t<div class=\"box-detail\">\n\t\t<\/p>\n<p style=\"text-align: left\">\u2022 Capteurs de temp\u00e9rature avec alertes en cas d\u2019\u00e9carts<br \/>\n\u2022 Capteurs d\u2019ouverture de portes pour d\u00e9tecter les incidents<br \/>\n\u2022 Int\u00e9gration GPS pour une visualisation en temps r\u00e9el des livraisons<br \/>\n\u2022 Analyse pr\u00e9dictive pour anticiper les pannes ou retards<\/p>\n\t\n\t<\/div>\n\t<div class=\"box-icon\"><i class=\"vc_li vc_li-key\"><\/i><\/div>\t\n\t\n<\/div><\/div><\/div><\/div><div class=\"wpb_column vc_column_container vc_col-sm-4\"><div class=\"vc_column-inner\"><div class=\"wpb_wrapper\"><div class=\"iconbox   vc_custom_1758494555108\">\n\n\t<h4 class=\"box-title\">B\u00e9n\u00e9fices m\u00e9tiers<\/h4>\n\t<div class=\"box-detail\">\n\t\t<\/p>\n<p style=\"text-align: left\">\u2022 Pr\u00e9vention des pertes li\u00e9es \u00e0 la rupture de la cha\u00eene du froid<br \/>\n\u2022 R\u00e9duction des litiges et retours<br \/>\n\u2022 Confiance accrue des clients et distributeurs<\/p>\n\t\n\t<\/div>\n\t<div class=\"box-icon\"><i class=\"vc_li vc_li-like\"><\/i><\/div>\t\n\t\n<\/div><\/div><\/div><\/div><div class=\"wpb_column vc_column_container vc_col-sm-4\"><div class=\"vc_column-inner\"><div class=\"wpb_wrapper\"><div class=\"iconbox style4  vc_custom_1752501549375\">\n\n\t<h3 class=\"box-title\">Contactez-nous<\/h3>\n\t<div class=\"box-detail\">\n\t\t<\/p>\n<p style=\"text-align: center\"><span style=\"color: #ffffff\">N&rsquo;h\u00e9sitez pas \u00e0 nous contacter d\u00e8s maintenant pour b\u00e9n\u00e9ficier de ces services.<\/span><\/p>\n<p style=\"text-align: center\"><span style=\"color: #ffffff\">Mail : contact@abridia.com<\/span><br \/>\n<span style=\"color: #ffffff\">Tel : +216 29 849 431<\/span><\/p>\n<p style=\"text-align: center\"><span style=\"color: #ffffff\">Adresse : \u00a02 Rue Mars, Immeuble Akkouri, Tozeur 2210, Tunisie<\/span><\/p>\n<p>\n\t\n\t<\/div>\n\t<div class=\"box-icon\"><img decoding=\"async\" src=\"https:\/\/asqhub.com\/arbidia\/wp-content\/uploads\/2018\/09\/telephone-operator-4682_c9489618-836b-47ec-8489-e15f613cb10c.svg\" alt=\"Contactez-nous\" \/><\/div>\t\n\t\n\t\t<div class=\"box-readmore\">\n\t\t\t<a class=\"button no-bg\" href=\"https:\/\/asqhub.com\/arbidia\/contact\/\">Contactez-nous<\/a>\n\t\t<\/div>\n<\/div><\/div><\/div><\/div><\/div><\/div><\/section>\n<\/div>","protected":false},"excerpt":{"rendered":"Des cas d\u2019usage concrets pour chaque secteurCas d\u2019usage FREIGTSURE Demandez votre devis d\u00e8s maintenant ! Transport de Collectivit\u00e9s &#038; Produits Laitiers Transport d\u2019Hydrocarbures Transport Agricole Transport de Produits Frais Retail &#038; Distribution FAQ Votre performance, notre priorit\u00e9 ABRIDIA a exploit\u00e9 son expertise en gestion du transport pour d\u00e9velopper divers cas d\u2019usage de FREIGHTSURE TMS, permettant [...]","protected":false},"author":1,"featured_media":0,"parent":0,"menu_order":0,"comment_status":"closed","ping_status":"closed","template":"tmpl\/template-fullwidth.php","meta":{"_acf_changed":false,"om_disable_all_campaigns":false,"pagelayer_contact_templates":[],"_pagelayer_content":"","_monsterinsights_skip_tracking":false,"_monsterinsights_sitenote_active":false,"_monsterinsights_sitenote_note":"","_monsterinsights_sitenote_category":0,"footnotes":""},"class_list":["post-1960","page","type-page","status-publish","hentry"],"acf":[],"aioseo_notices":[],"_links":{"self":[{"href":"https:\/\/asqhub.com\/arbidia\/wp-json\/wp\/v2\/pages\/1960","targetHints":{"allow":["GET"]}}],"collection":[{"href":"https:\/\/asqhub.com\/arbidia\/wp-json\/wp\/v2\/pages"}],"about":[{"href":"https:\/\/asqhub.com\/arbidia\/wp-json\/wp\/v2\/types\/page"}],"author":[{"embeddable":true,"href":"https:\/\/asqhub.com\/arbidia\/wp-json\/wp\/v2\/users\/1"}],"replies":[{"embeddable":true,"href":"https:\/\/asqhub.com\/arbidia\/wp-json\/wp\/v2\/comments?post=1960"}],"version-history":[{"count":7,"href":"https:\/\/asqhub.com\/arbidia\/wp-json\/wp\/v2\/pages\/1960\/revisions"}],"predecessor-version":[{"id":2782,"href":"https:\/\/asqhub.com\/arbidia\/wp-json\/wp\/v2\/pages\/1960\/revisions\/2782"}],"wp:attachment":[{"href":"https:\/\/asqhub.com\/arbidia\/wp-json\/wp\/v2\/media?parent=1960"}],"curies":[{"name":"wp","href":"https:\/\/api.w.org\/{rel}","templated":true}]}}