{"id":13,"date":"2018-04-24T08:36:11","date_gmt":"2018-04-24T08:36:11","guid":{"rendered":"https:\/\/asqhub.com\/arbidia\/?page_id=13"},"modified":"2025-11-04T05:37:46","modified_gmt":"2025-11-04T05:37:46","slug":"a-propos-abridia","status":"publish","type":"page","link":"https:\/\/asqhub.com\/arbidia\/a-propos-abridia\/","title":{"rendered":"A propos Abridia"},"content":{"rendered":"<div class=\"wpb-content-wrapper\"><div style=\"\" class=\"vc_row wpb_row vc_row-fluid vc_custom_1762234100898 vc_row-has-fill\"><div class=\"row-inner\"><div class=\"wpb_column vc_column_container vc_col-sm-3\"><div class=\"vc_column-inner\"><div class=\"wpb_wrapper\"><\/div><\/div><\/div><div class=\"wpb_column vc_column_container vc_col-sm-6\"><div class=\"vc_column-inner\"><div class=\"wpb_wrapper\"><h2 style=\"font-size: 3.375rem;color: #FFFFFF;text-align: center\" class=\"vc_custom_heading vc_do_custom_heading\" >\u00c0 propos ABRIDIA<\/h2><div class=\"vc_empty_space\"   style=\"height: 10px\"><span class=\"vc_empty_space_inner\"><\/span><\/div><div style=\"font-size: 20px;color: #FFFFFF;text-align: center\" class=\"vc_custom_heading vc_do_custom_heading\" >ABRIDIA, votre partenaire digital dans le transport<br \/>\nUne Digital Factory qui met l\u2019intelligence technologique au service de vos enjeux m\u00e9tiers.<\/div><\/div><\/div><\/div><div class=\"wpb_column vc_column_container vc_col-sm-3\"><div class=\"vc_column-inner\"><div class=\"wpb_wrapper\"><\/div><\/div><\/div><\/div><\/div><div style=\"\" class=\"vc_row wpb_row vc_row-fluid vc_custom_1536635902854\"><div class=\"row-inner\"><div class=\"wpb_animate_when_almost_visible wpb_fadeInLeft fadeInLeft wpb_column vc_column_container vc_col-sm-6 vc_col-xs-6\"><div class=\"vc_column-inner\"><div class=\"wpb_wrapper\">\n\t<div  class=\"wpb_single_image wpb_content_element vc_align_left wpb_content_element\">\n\t\t\n\t\t<figure class=\"wpb_wrapper vc_figure\">\n\t\t\t<div class=\"vc_single_image-wrapper vc_box_rounded  vc_box_border_grey\"><img decoding=\"async\" class=\"vc_single_image-img \" src=\"https:\/\/asqhub.com\/arbidia\/wp-content\/uploads\/2025\/09\/freight-plan-1000x852.jpg\" width=\"1000\" height=\"852\" alt=\"freight plan\" title=\"freight plan\" loading=\"lazy\" \/><\/div>\n\t\t<\/figure>\n\t<\/div>\n<\/div><\/div><\/div><div class=\"wpb_animate_when_almost_visible wpb_fadeInRight fadeInRight wpb_column vc_column_container vc_col-sm-6 vc_col-xs-6\"><div class=\"vc_column-inner\"><div class=\"wpb_wrapper\">\n\t<div  class=\"wpb_single_image wpb_content_element vc_align_left wpb_content_element\">\n\t\t\n\t\t<figure class=\"wpb_wrapper vc_figure\">\n\t\t\t<div class=\"vc_single_image-wrapper vc_box_rounded  vc_box_border_grey\"><img decoding=\"async\" class=\"vc_single_image-img \" src=\"https:\/\/asqhub.com\/arbidia\/wp-content\/uploads\/2025\/09\/manager-and-supervisor-in-warehouse-2024-12-05-18-45-51-utc-1-scaled-1000x400.jpg\" width=\"1000\" height=\"400\" alt=\"manager-and-supervisor-in-warehouse-2024-12-05-18-45-51-utc (1)\" title=\"manager-and-supervisor-in-warehouse-2024-12-05-18-45-51-utc (1)\" loading=\"lazy\" \/><\/div>\n\t\t<\/figure>\n\t<\/div>\n<div class=\"vc_empty_space\"   style=\"height: 30px\"><span class=\"vc_empty_space_inner\"><\/span><\/div>\n\t<div  class=\"wpb_single_image wpb_content_element vc_align_left wpb_content_element\">\n\t\t\n\t\t<figure class=\"wpb_wrapper vc_figure\">\n\t\t\t<div class=\"vc_single_image-wrapper vc_box_rounded  vc_box_border_grey\"><img decoding=\"async\" class=\"vc_single_image-img \" src=\"https:\/\/asqhub.com\/arbidia\/wp-content\/uploads\/2025\/10\/smiling-professional-truck-driver-driving-his-truc-2024-12-13-21-56-17-utc-scaled-1000x400.jpg\" width=\"1000\" height=\"400\" alt=\"Smiling truck driver looking through side window while driving his truck and looking at camera.\" title=\"Smiling professional truck driver driving his truck and looking at camera\" loading=\"lazy\" \/><\/div>\n\t\t<\/figure>\n\t<\/div>\n<\/div><\/div><\/div><\/div><\/div><div style=\"\" class=\"vc_row wpb_row vc_row-fluid\"><div class=\"row-inner\"><div class=\"wpb_column vc_column_container vc_col-sm-2\"><div class=\"vc_column-inner\"><div class=\"wpb_wrapper\"><\/div><\/div><\/div><div class=\"wpb_column vc_column_container vc_col-sm-8\"><div class=\"vc_column-inner\"><div class=\"wpb_wrapper\"><h2 style=\"color: #0A51DF;text-align: center\" class=\"vc_custom_heading vc_do_custom_heading\" >Qui sommes-nous ?<\/h2><div class=\"vc_empty_space\"   style=\"height: 20px\"><span class=\"vc_empty_space_inner\"><\/span><\/div>\n\t<div class=\"wpb_text_column wpb_content_element\" >\n\t\t<div class=\"wpb_wrapper\">\n\t\t\t<p style=\"text-align: center;\">Pionni\u00e8re de <strong>la transformation digitale<\/strong>, ABRIDIA incarne <strong>l\u2019alliance<\/strong><br \/>\n<strong>unique<\/strong> entre <strong>l\u2019expertise sectorielle<\/strong> et <strong>l\u2019innovation technologique<\/strong>. N\u00e9e d\u2019une vision partag\u00e9e par des leaders des secteurs de <strong>l\u2019assurance<\/strong> et du <strong>transport<\/strong>, <strong>notre cabinet <\/strong><strong>red\u00e9finit les standards industriels<\/strong> \u00e0 travers <strong>des solutions intelligentes et int\u00e9gr\u00e9es<\/strong>.<\/p>\n<p style=\"text-align: center;\">Nous concevons des <strong>solutions digitales sur mesure<\/strong>, port\u00e9es par l\u2019expertise de nos sp\u00e9cialistes, forts de <strong>20 ans d\u2019exp\u00e9rience m\u00e9tier<\/strong>, et d\u2019une ma\u00eetrise approfondie des <strong>technologies \u00e9mergentes<\/strong>. Notre <strong>approche collaborative<\/strong> nous permet d\u2019accompagner chaque client dans son parcours de <strong>transformation<\/strong>, en alliant <strong>agilit\u00e9 <\/strong><strong>op\u00e9rationnelle<\/strong> et <strong>excellence technique<\/strong>.<\/p>\n<p style=\"text-align: center;\">Bas\u00e9s en <strong>Tunisie<\/strong> avec un <strong>r\u00e9seau euro-africain<\/strong>, nous conjuguons <strong>vision<\/strong><br \/>\n<strong>globale<\/strong> et <strong>ancrage local<\/strong> pour accompagner votre <strong>transformation sur mesure<\/strong>.<\/p>\n\n\t\t<\/div>\n\t<\/div>\n<div class=\"vc_empty_space\"   style=\"height: 30px\"><span class=\"vc_empty_space_inner\"><\/span><\/div>\n\t<div class=\"wpb_text_column wpb_content_element\" >\n\t\t<div class=\"wpb_wrapper\">\n\t\t\t<p style=\"text-align: center;\"><a class=\"button large primary round\" href=\"https:\/\/asqhub.com\/arbidia\/wp-content\/uploads\/2025\/08\/ABRIDIA-votre-solution-efficace-pour-la-transformation-digitale-de-votre-entreprise.pdf\">T\u00e9l\u00e9chager notre brochure <\/a><\/p>\n\n\t\t<\/div>\n\t<\/div>\n<div class=\"vc_empty_space\"   style=\"height: 60px\"><span class=\"vc_empty_space_inner\"><\/span><\/div><\/div><\/div><\/div><\/div><\/div><div style=\"background-position: center center !important;\" class=\"vc_row wpb_row vc_row-fluid vc_row-o-content-middle vc_row-flex\"><div class=\"row-inner\"><div class=\"wpb_column vc_column_container vc_col-sm-6\"><div class=\"vc_column-inner\"><div class=\"wpb_wrapper\"><div class=\"vc_empty_space\"   style=\"height: 0px\"><span class=\"vc_empty_space_inner\"><\/span><\/div><h2 style=\"color: #0A51DF;text-align: center\" class=\"vc_custom_heading vc_do_custom_heading vc_custom_1755600782531\" >Notre pr\u00e9sence dans le monde<\/h2>\n\t<div class=\"wpb_text_column wpb_content_element vc_custom_1758132682323\" >\n\t\t<div class=\"wpb_wrapper\">\n\t\t\t<p style=\"text-align: center;\">Avec notre si\u00e8ge social en Tunisie, ABRIDIA b\u00e9n\u00e9ficie d\u2019un <strong>positionnement strat\u00e9gique au c\u0153ur de la M\u00e9diterran\u00e9e<\/strong>, qui lui permet de relier efficacement l\u2019Europe et l\u2019Afrique. Notre pr\u00e9sence euro-africaine est solidement \u00e9tablie et renforc\u00e9e par des <strong>partenariats strat\u00e9giques en Europe, notamment en France, ainsi qu\u2019en Afrique de l\u2019Ouest et en Afrique Centrale<\/strong>, o\u00f9 nous collaborons \u00e9troitement avec des acteurs cl\u00e9s du secteur du transport et de la logistique.<\/p>\n<p style=\"text-align: center;\">Cette implantation nous permet de comprendre <strong>les sp\u00e9cificit\u00e9s r\u00e9gionales<\/strong> et d\u2019assurer <strong>des solutions adapt\u00e9es \u00e0 chaque march\u00e9<\/strong>, tout en restant \u00e0 la pointe de l\u2019innovation technologique et digitale.<\/p>\n\n\t\t<\/div>\n\t<\/div>\n<\/div><\/div><\/div><div class=\"wpb_column vc_column_container vc_col-sm-6\"><div class=\"vc_column-inner\"><div class=\"wpb_wrapper\">\n\t<div  class=\"wpb_single_image wpb_content_element vc_align_center wpb_content_element\">\n\t\t\n\t\t<figure class=\"wpb_wrapper vc_figure\">\n\t\t\t<div class=\"vc_single_image-wrapper   vc_box_border_grey\"><img loading=\"lazy\" decoding=\"async\" width=\"2560\" height=\"2560\" src=\"https:\/\/asqhub.com\/arbidia\/wp-content\/uploads\/2025\/09\/notre-presence-en-afrique-et-europe-scaled.png\" class=\"vc_single_image-img attachment-full\" alt=\"\" title=\"notre presence en afrique et europe\" srcset=\"https:\/\/asqhub.com\/arbidia\/wp-content\/uploads\/2025\/09\/notre-presence-en-afrique-et-europe-scaled.png 2560w, https:\/\/asqhub.com\/arbidia\/wp-content\/uploads\/2025\/09\/notre-presence-en-afrique-et-europe-300x300.png 300w, https:\/\/asqhub.com\/arbidia\/wp-content\/uploads\/2025\/09\/notre-presence-en-afrique-et-europe-1024x1024.png 1024w, https:\/\/asqhub.com\/arbidia\/wp-content\/uploads\/2025\/09\/notre-presence-en-afrique-et-europe-150x150.png 150w, https:\/\/asqhub.com\/arbidia\/wp-content\/uploads\/2025\/09\/notre-presence-en-afrique-et-europe-768x768.png 768w, https:\/\/asqhub.com\/arbidia\/wp-content\/uploads\/2025\/09\/notre-presence-en-afrique-et-europe-1536x1536.png 1536w, https:\/\/asqhub.com\/arbidia\/wp-content\/uploads\/2025\/09\/notre-presence-en-afrique-et-europe-2048x2048.png 2048w\" sizes=\"auto, (max-width: 2560px) 100vw, 2560px\" \/><\/div>\n\t\t<\/figure>\n\t<\/div>\n<\/div><\/div><\/div><\/div><\/div><div style=\"\" class=\"vc_row wpb_row vc_row-fluid gradient2 fix-overflow vc_custom_1755600574419 vc_row-has-fill\"><div class=\"row-inner\"><div class=\"delay-1 wpb_animate_when_almost_visible wpb_fadeIn fadeIn wpb_column vc_column_container vc_col-sm-4\"><div class=\"vc_column-inner\"><div class=\"wpb_wrapper\"><div class=\"vc_empty_space\"   style=\"height: 30px\"><span class=\"vc_empty_space_inner\"><\/span><\/div><div class=\"vc_empty_space\"   style=\"height: 30px\"><span class=\"vc_empty_space_inner\"><\/span><\/div><div class=\"vc_empty_space\"   style=\"height: 30px\"><span class=\"vc_empty_space_inner\"><\/span><\/div><\/div><\/div><\/div><div class=\"wpb_column vc_column_container vc_col-sm-4\"><div class=\"vc_column-inner\"><div class=\"wpb_wrapper\"><h2 style=\"color: #0A51DF;text-align: center\" class=\"vc_custom_heading vc_do_custom_heading vc_custom_1755600550178\" >Nos valeurs<\/h2><\/div><\/div><\/div><div class=\"wpb_column vc_column_container vc_col-sm-4\"><div class=\"vc_column-inner\"><div class=\"wpb_wrapper\"><\/div><\/div><\/div><\/div><\/div><div style=\"\" class=\"vc_row wpb_row vc_row-fluid gradient2 fix-overflow vc_custom_1575620693004\"><div class=\"row-inner\"><div class=\"delay-1 wpb_animate_when_almost_visible wpb_fadeIn fadeIn wpb_column vc_column_container vc_col-sm-4\"><div class=\"vc_column-inner\"><div class=\"wpb_wrapper\"><div class=\"iconbox style2 \">\n\n\t<h4 class=\"box-title\">\u00c9coute<\/h4>\n\t<div class=\"box-detail\">\n\t\t<p><span style=\"font-weight: 400\">Nous analysons vos processus, contraintes et objectifs pour cerner vos besoins r\u00e9els&nbsp; et co-construire des solutions sur mesure, parfaitement align\u00e9es \u00e0 votre terrain.<\/span><\/p>\n\t\n\t<\/div>\n\t<div class=\"box-icon\"><img decoding=\"async\" src=\"https:\/\/asqhub.com\/arbidia\/wp-content\/uploads\/2018\/09\/telephone-operator-4682_c9489618-836b-47ec-8489-e15f613cb10c.svg\" alt=\"\u00c9coute\" \/><\/div>\t\n\t\n<\/div><div class=\"vc_empty_space\"   style=\"height: 30px\"><span class=\"vc_empty_space_inner\"><\/span><\/div><div class=\"vc_empty_space\"   style=\"height: 30px\"><span class=\"vc_empty_space_inner\"><\/span><\/div><div class=\"vc_empty_space\"   style=\"height: 30px\"><span class=\"vc_empty_space_inner\"><\/span><\/div><\/div><\/div><\/div><div class=\"wpb_column vc_column_container vc_col-sm-4\"><div class=\"vc_column-inner\"><div class=\"wpb_wrapper\"><div class=\"iconbox style2 \">\n\n\t<h4 class=\"box-title\">Engagement<\/h4>\n\t<div class=\"box-detail\">\n\t\t<p><span style=\"font-weight: 400\">Vous accompagner \u00e0 chaque phase \u2014 cadrage, d\u00e9ploiement, formation et support&nbsp; \u2014 dans un partenariat transparent et ax\u00e9 sur des r\u00e9sultats concrets.<\/span><\/p>\n\t\n\t<\/div>\n\t<div class=\"box-icon\"><img decoding=\"async\" src=\"https:\/\/asqhub.com\/arbidia\/wp-content\/uploads\/2018\/08\/health-6332_fc720e72-c337-4f55-ac5e-081bb75924ec.svg\" alt=\"Engagement\" \/><\/div>\t\n\t\n<\/div><\/div><\/div><\/div><div class=\"wpb_column vc_column_container vc_col-sm-4\"><div class=\"vc_column-inner\"><div class=\"wpb_wrapper\"><div class=\"iconbox style2 \">\n\n\t<h4 class=\"box-title\">Innovation continue<\/h4>\n\t<div class=\"box-detail\">\n\t\t<p><span style=\"font-weight: 400\">Int\u00e9grer en permanence IA pr\u00e9dictive, IoT et SaaS \u00e9volutif <\/span><span style=\"font-weight: 400\"><br \/>\npour anticiper vos d\u00e9fis et renforcer durablement votre<br \/>\navantage concurrentiel.<\/span><\/p>\n\t\n\t<\/div>\n\t<div class=\"box-icon\"><img decoding=\"async\" src=\"https:\/\/asqhub.com\/arbidia\/wp-content\/uploads\/2018\/08\/certificate-3906_9409fbfb-3ac8-44aa-bdc3-e7793fad872f.svg\" alt=\"Innovation continue\" \/><\/div>\t\n\t\n<\/div><\/div><\/div><\/div><\/div><\/div><section style=\"\" class=\"vc_section vc_custom_1575620213308 vc_section-has-fill\"><div style=\"\" class=\"vc_row wpb_row vc_row-fluid\"><div class=\"row-inner\"><div class=\"wpb_column vc_column_container vc_col-sm-12\"><div class=\"vc_column-inner\"><div class=\"wpb_wrapper\"><h2 style=\"color: #ffffff;text-align: center\" class=\"vc_custom_heading vc_do_custom_heading\" >Nos atouts cl\u00e9s<\/h2>\n\t<div class=\"wpb_text_column wpb_content_element vc_custom_1755676277164\" >\n\t\t<div class=\"wpb_wrapper\">\n\t\t\t<p style=\"text-align: center;\"><span style=\"color: #ffffff;\">D\u00e9couvrez les piliers qui font la force d\u2019ABRIDIA et nous distinguent dans le secteur &nbsp;du transport.<\/span><\/p>\n\n\t\t<\/div>\n\t<\/div>\n<div class=\"vc_empty_space\"   style=\"height: 10px\"><span class=\"vc_empty_space_inner\"><\/span><\/div>\n\t<div class=\"wpb_text_column wpb_content_element\" >\n\t\t<div class=\"wpb_wrapper\">\n\t\t\t\n\t\t<\/div>\n\t<\/div>\n<\/div><\/div><\/div><\/div><\/div><div style=\"\" class=\"vc_row wpb_row vc_row-fluid gradient2 fix-overflow vc_custom_1575620693004\"><div class=\"row-inner\"><div class=\"delay-1 wpb_animate_when_almost_visible wpb_fadeIn fadeIn wpb_column vc_column_container vc_col-sm-3\"><div class=\"vc_column-inner\"><div class=\"wpb_wrapper\"><div class=\"iconbox style2 \">\n\n\t<h4 class=\"box-title\">Expertise<\/h4>\n\t<div class=\"box-detail\">\n\t\t<p>Une expertise m\u00e9tier \u00e9prouv\u00e9e dans le transport et la logistique<\/p>\n\t\n\t<\/div>\n\t<div class=\"box-icon\"><img decoding=\"async\" src=\"https:\/\/asqhub.com\/arbidia\/wp-content\/uploads\/2025\/08\/expertise-abridia.png\" alt=\"Expertise\" \/><\/div>\t\n\t\n<\/div><div class=\"vc_empty_space\"   style=\"height: 30px\"><span class=\"vc_empty_space_inner\"><\/span><\/div><\/div><\/div><\/div><div class=\"delay-2 wpb_animate_when_almost_visible wpb_fadeIn fadeIn wpb_column vc_column_container vc_col-sm-3\"><div class=\"vc_column-inner\"><div class=\"wpb_wrapper\"><div class=\"iconbox style2 \">\n\n\t<h4 class=\"box-title\">Intelligence<\/h4>\n\t<div class=\"box-detail\">\n\t\t<p>Un TMS connect\u00e9 intelligent, con\u00e7u pour s\u2019adapter \u00e0 tous les secteurs<\/p>\n\t\n\t<\/div>\n\t<div class=\"box-icon\"><img decoding=\"async\" src=\"https:\/\/asqhub.com\/arbidia\/wp-content\/uploads\/2025\/08\/intelligence-abridia.png\" alt=\"Intelligence\" \/><\/div>\t\n\t\n<\/div><\/div><\/div><\/div><div class=\"delay-3 wpb_animate_when_almost_visible wpb_fadeIn fadeIn wpb_column vc_column_container vc_col-sm-3\"><div class=\"vc_column-inner\"><div class=\"wpb_wrapper\"><div class=\"iconbox style2 \">\n\n\t<h4 class=\"box-title\">Agilit\u00e9<\/h4>\n\t<div class=\"box-detail\">\n\t\t<p>Une capacit\u00e9 \u00e0 co-construire avec les clients, dans une logique agile.<\/p>\n\t\n\t<\/div>\n\t<div class=\"box-icon\"><img decoding=\"async\" src=\"https:\/\/asqhub.com\/arbidia\/wp-content\/uploads\/2025\/08\/agilite-abridia.png\" alt=\"Agilit\u00e9\" \/><\/div>\t\n\t\n<\/div><div class=\"vc_empty_space\"   style=\"height: 30px\"><span class=\"vc_empty_space_inner\"><\/span><\/div><\/div><\/div><\/div><div class=\"wpb_column vc_column_container vc_col-sm-3\"><div class=\"vc_column-inner\"><div class=\"wpb_wrapper\"><div class=\"iconbox style2 \">\n\n\t<h4 class=\"box-title\">Industrie 4.0<\/h4>\n\t<div class=\"box-detail\">\n\t\t<p>Des solutions interop\u00e9rables, \u00e9volutives, et pr\u00eates pour l\u2019industrie 4.0<\/p>\n\t\n\t<\/div>\n\t<div class=\"box-icon\"><img decoding=\"async\" src=\"https:\/\/asqhub.com\/arbidia\/wp-content\/uploads\/2025\/08\/industrie-4-0-abridia.png\" alt=\"Industrie 4.0\" \/><\/div>\t\n\t\n<\/div><\/div><\/div><\/div><\/div><\/div><\/section><div style=\"\" class=\"vc_row wpb_row vc_row-fluid gradient vc_custom_1575620238785\"><div class=\"row-inner\"><div class=\"wpb_column vc_column_container vc_col-sm-12\"><div class=\"vc_column-inner\"><div class=\"wpb_wrapper\">\t<!-- BEGIN: .posts-carousel -->\n\t<div class=\"posts-carousel  \">\n\t\t\n\t\t\t\t\t<h3 class=\"widget-title\">\n\t\t\t\tNos actualit\u00e9s\t\t\t<\/h3>\n\t\t\n\t\t\t<div class=\"blog-entries\">\n\n\t\t\t<!-- BEGIN: .elements-carousel -->\n<div class=\"elements-carousel  \" data-config=\"{&quot;items&quot;:2,&quot;itemsTablet&quot;:[768,2],&quot;itemsMobile&quot;:[479,1],&quot;autoPlay&quot;:false,&quot;stopOnHover&quot;:true,&quot;mouseDrag&quot;:true,&quot;touchDrag&quot;:true,&quot;responsive&quot;:true,&quot;scrollPerPage&quot;:true,&quot;slideSpeed&quot;:200,&quot;paginationSpeed&quot;:200,&quot;rewindSpeed&quot;:200,&quot;navigation&quot;:true,&quot;rewindNav&quot;:true,&quot;pagination&quot;:true,&quot;paginationNumbers&quot;:false,&quot;dragBeforeAnimFinish&quot;:true,&quot;addClassActive&quot;:true,&quot;autoHeight&quot;:true,&quot;navigationText&quot;:[&quot;Previous&quot;,&quot;Next&quot;],&quot;itemsScaleUp&quot;:true}\">\n\t<div class=\"elements-carousel-wrap\">\n\t\t\n\t\t\t\n\t\t\t\t\t\t\t\t\t\n\t\t\t\t\t<article class=\"post-192 post type-post status-publish format-standard hentry category-news-events tag-benefits tag-managed-services\">\n\t\t\t\t\t\t<div class=\"post-inner\">\n\t\t\t\t\t\t\t<a href=\"https:\/\/asqhub.com\/arbidia\/tips-to-make-your-workforce-a-security-front-line\/\">\n\t\t\t\t\t\t\t\t\t\t\t\t\t\t\t\n\t\t\t\t\t\t\t\t<div class=\"post-content\">\n\t\t\t\t\t\t\t\t\t<div class=\"post-header\">\n\t\t\t\t\t\t\t\t\t\t<h2 class=\"post-title\">\n\t\t\t\t\t\t\t\t\t\t\tTips to make your workforce a security front line\t\t\t\t\t\t\t\t\t\t<\/h2>\n\t\t\t\t\t\t\t\t\t<\/div>\n\t\t\t\t\t\t\t\t\t\n\t\t\t\t\t\t\t\t\t<div class=\"post-meta\">\n\t\t\t\t\t\t\t\t\t\t<div class=\"post-avatar\">\n\t\t\t\t\t\t\t\t\t\t\t\t\t\t\t\t\t\t\t\t\t<\/div>\n\t\t\t\t\t\t\t\t\t\t<div class=\"post-author-content\">\n\t\t\t\t\t\t\t\t\t\t\t<span>by<\/span>\n\t\t\t\t\t\t\t\t\t\t\t<span class=\"post-name\">\n\t\t\t\t\t\t\t\t\t\t\t\tmedsouilah\t\t\t\t\t\t\t\t\t\t\t<\/span>\n\t\t\t\t\t\t\t\t\t\t<\/div>\n\t\t\t\t\t\t\t\t\t<\/div>\n\n\t\t\t\t\t\t\t\t\t\n\t\t\t\t\t\t\t\t\t\t\t\t\t\t\t\t\t\t\t<div class=\"read-more\">\n\t\t\t\t\t\t\t\t\t\t\t<span class=\"button small no-bg\" href=\"https:\/\/asqhub.com\/arbidia\/tips-to-make-your-workforce-a-security-front-line\/\">\n\t\t\t\t\t\t\t\t\t\t\t\tPlus d&#039;infos\t\t\t\t\t\t\t\t\t\t\t<\/span>\n\t\t\t\t\t\t\t\t\t\t<\/div>\n\t\t\t\t\t\t\t\t\t\t\t\t\t\t\t\t\t<\/div>\n\t\t\t\t\t\t\t<\/a>\n\t\t\t\t\t\t<\/div>\n\t\t\t\t\t<\/article>\n\n\t\t\t\t\t\t\t\t\t\n\t\t\t\t\t<article class=\"post-195 post type-post status-publish format-standard has-post-thumbnail hentry category-quick-tips tag-creative tag-it tag-talent\">\n\t\t\t\t\t\t<div class=\"post-inner\">\n\t\t\t\t\t\t\t<a href=\"https:\/\/asqhub.com\/arbidia\/5-creative-ways-to-address-gaps-in-it-resources-and-talent\/\">\n\t\t\t\t\t\t\t\t\t\t\t\t\t\t\t\t\t<div class=\"post-image\">\n\t\t\t\t\t\t\t\t\t\t\t\t\t\t\t\t\t\t\t\t\t<div class=\"post-date\">\n\t\t\t\t\t\t\t\t\t\t\t\t<span class=\"post-day\">08<\/span>\n\t\t\t\t\t\t\t\t\t\t\t\t<span class=\"post-month\">Mai<\/span>\n\t\t\t\t\t\t\t\t\t\t\t<\/div>\n\t\t\t\t\t\t\t\t\t\t\n\t\t\t\t\t\t\t\t\t\t<img decoding=\"async\" class=\"\" src=\"https:\/\/asqhub.com\/arbidia\/wp-content\/uploads\/2018\/05\/reflection-of-three-men-PXDYH771-600x400.jpg\" width=\"600\" height=\"400\" alt=\"reflection-of-three-men-PXDYH77(1)\" title=\"reflection-of-three-men-PXDYH77(1)\" loading=\"lazy\" \/>\t\t\t\t\t\t\t\t\t<\/div>\n\t\t\t\t\t\t\t\t\t\t\t\t\t\t\t\n\t\t\t\t\t\t\t\t<div class=\"post-content\">\n\t\t\t\t\t\t\t\t\t<div class=\"post-header\">\n\t\t\t\t\t\t\t\t\t\t<h2 class=\"post-title\">\n\t\t\t\t\t\t\t\t\t\t\t5 creative ways to address gaps in IT resources and talent\t\t\t\t\t\t\t\t\t\t<\/h2>\n\t\t\t\t\t\t\t\t\t<\/div>\n\t\t\t\t\t\t\t\t\t\n\t\t\t\t\t\t\t\t\t<div class=\"post-meta\">\n\t\t\t\t\t\t\t\t\t\t<div class=\"post-avatar\">\n\t\t\t\t\t\t\t\t\t\t\t\t\t\t\t\t\t\t\t\t\t<\/div>\n\t\t\t\t\t\t\t\t\t\t<div class=\"post-author-content\">\n\t\t\t\t\t\t\t\t\t\t\t<span>by<\/span>\n\t\t\t\t\t\t\t\t\t\t\t<span class=\"post-name\">\n\t\t\t\t\t\t\t\t\t\t\t\tmedsouilah\t\t\t\t\t\t\t\t\t\t\t<\/span>\n\t\t\t\t\t\t\t\t\t\t<\/div>\n\t\t\t\t\t\t\t\t\t<\/div>\n\n\t\t\t\t\t\t\t\t\t\n\t\t\t\t\t\t\t\t\t\t\t\t\t\t\t\t\t\t\t<div class=\"read-more\">\n\t\t\t\t\t\t\t\t\t\t\t<span class=\"button small no-bg\" href=\"https:\/\/asqhub.com\/arbidia\/5-creative-ways-to-address-gaps-in-it-resources-and-talent\/\">\n\t\t\t\t\t\t\t\t\t\t\t\tPlus d&#039;infos\t\t\t\t\t\t\t\t\t\t\t<\/span>\n\t\t\t\t\t\t\t\t\t\t<\/div>\n\t\t\t\t\t\t\t\t\t\t\t\t\t\t\t\t\t<\/div>\n\t\t\t\t\t\t\t<\/a>\n\t\t\t\t\t\t<\/div>\n\t\t\t\t\t<\/article>\n\n\t\t\t\t\t\t\t\t\t\n\t\t\t\t\t<article class=\"post-184 post type-post status-publish format-standard hentry category-news-events tag-benefits tag-managed-services\">\n\t\t\t\t\t\t<div class=\"post-inner\">\n\t\t\t\t\t\t\t<a href=\"https:\/\/asqhub.com\/arbidia\/the-top-13-benefits-of-proactive-managed-services-vs-reactive-break-fix\/\">\n\t\t\t\t\t\t\t\t\t\t\t\t\t\t\t\n\t\t\t\t\t\t\t\t<div class=\"post-content\">\n\t\t\t\t\t\t\t\t\t<div class=\"post-header\">\n\t\t\t\t\t\t\t\t\t\t<h2 class=\"post-title\">\n\t\t\t\t\t\t\t\t\t\t\tThe top 13 benefits of proactive managed services vs reactive break-fix\t\t\t\t\t\t\t\t\t\t<\/h2>\n\t\t\t\t\t\t\t\t\t<\/div>\n\t\t\t\t\t\t\t\t\t\n\t\t\t\t\t\t\t\t\t<div class=\"post-meta\">\n\t\t\t\t\t\t\t\t\t\t<div class=\"post-avatar\">\n\t\t\t\t\t\t\t\t\t\t\t\t\t\t\t\t\t\t\t\t\t<\/div>\n\t\t\t\t\t\t\t\t\t\t<div class=\"post-author-content\">\n\t\t\t\t\t\t\t\t\t\t\t<span>by<\/span>\n\t\t\t\t\t\t\t\t\t\t\t<span class=\"post-name\">\n\t\t\t\t\t\t\t\t\t\t\t\tmedsouilah\t\t\t\t\t\t\t\t\t\t\t<\/span>\n\t\t\t\t\t\t\t\t\t\t<\/div>\n\t\t\t\t\t\t\t\t\t<\/div>\n\n\t\t\t\t\t\t\t\t\t\n\t\t\t\t\t\t\t\t\t\t\t\t\t\t\t\t\t\t\t<div class=\"read-more\">\n\t\t\t\t\t\t\t\t\t\t\t<span class=\"button small no-bg\" href=\"https:\/\/asqhub.com\/arbidia\/the-top-13-benefits-of-proactive-managed-services-vs-reactive-break-fix\/\">\n\t\t\t\t\t\t\t\t\t\t\t\tPlus d&#039;infos\t\t\t\t\t\t\t\t\t\t\t<\/span>\n\t\t\t\t\t\t\t\t\t\t<\/div>\n\t\t\t\t\t\t\t\t\t\t\t\t\t\t\t\t\t<\/div>\n\t\t\t\t\t\t\t<\/a>\n\t\t\t\t\t\t<\/div>\n\t\t\t\t\t<\/article>\n\n\t\t\t\t\t\t\t\t<\/div>\n<\/div>\n<!-- END: .elements-carousel -->\n\n\t\t<\/div>\n\t<\/div>\n\t<!-- END: .posts-carousel -->\n<\/div><\/div><\/div><\/div><\/div>\n<\/div>","protected":false},"excerpt":{"rendered":"Small and medium-sized businesses (SMB) have to juggle many priorities and daily demands. Acquiring and retaining customers. Avoiding inefficiency. Delivering excellent customer service. Managing costs. Hiring employees. Meeting government regulations. Keeping current with industry trends. Technology can help SMBs streamline their processes, improve employee productivity, and maintain a competitive edge. But technology comes with its [...]","protected":false},"author":1,"featured_media":0,"parent":0,"menu_order":0,"comment_status":"closed","ping_status":"closed","template":"tmpl\/template-fullwidth.php","meta":{"_acf_changed":false,"om_disable_all_campaigns":false,"pagelayer_contact_templates":[],"_pagelayer_content":"","_monsterinsights_skip_tracking":false,"_monsterinsights_sitenote_active":false,"_monsterinsights_sitenote_note":"","_monsterinsights_sitenote_category":0,"footnotes":""},"class_list":["post-13","page","type-page","status-publish","hentry"],"acf":[],"aioseo_notices":[],"_links":{"self":[{"href":"https:\/\/asqhub.com\/arbidia\/wp-json\/wp\/v2\/pages\/13","targetHints":{"allow":["GET"]}}],"collection":[{"href":"https:\/\/asqhub.com\/arbidia\/wp-json\/wp\/v2\/pages"}],"about":[{"href":"https:\/\/asqhub.com\/arbidia\/wp-json\/wp\/v2\/types\/page"}],"author":[{"embeddable":true,"href":"https:\/\/asqhub.com\/arbidia\/wp-json\/wp\/v2\/users\/1"}],"replies":[{"embeddable":true,"href":"https:\/\/asqhub.com\/arbidia\/wp-json\/wp\/v2\/comments?post=13"}],"version-history":[{"count":28,"href":"https:\/\/asqhub.com\/arbidia\/wp-json\/wp\/v2\/pages\/13\/revisions"}],"predecessor-version":[{"id":2845,"href":"https:\/\/asqhub.com\/arbidia\/wp-json\/wp\/v2\/pages\/13\/revisions\/2845"}],"wp:attachment":[{"href":"https:\/\/asqhub.com\/arbidia\/wp-json\/wp\/v2\/media?parent=13"}],"curies":[{"name":"wp","href":"https:\/\/api.w.org\/{rel}","templated":true}]}}