{"id":2285,"date":"2025-09-12T13:10:26","date_gmt":"2025-09-12T13:10:26","guid":{"rendered":"https:\/\/asqhub.com\/arbidia\/?page_id=2285"},"modified":"2025-09-12T13:10:27","modified_gmt":"2025-09-12T13:10:27","slug":"mentions-legales","status":"publish","type":"page","link":"https:\/\/asqhub.com\/arbidia\/en\/mentions-legales\/","title":{"rendered":"Mentions-l\u00e9gales"},"content":{"rendered":"<h2 class=\"wp-block-heading\">Conditions d&rsquo;utilisation d&rsquo;ABRDIA<\/h2>\n\n\n\n<p>Ce site web est la propri\u00e9t\u00e9 d&rsquo;ABRDIA. Coordonn\u00e9es :<\/p>\n\n\n\n<p>2 Rue Mars, Immeuble Akkouri, Tozeur 2210, Tunisia.<\/p>\n\n\n\n<p>E-mail : <a href=\"mailto:contact@example.com\">contact@abridia.com<\/a><\/p>\n\n\n\n<h2 class=\"wp-block-heading\">Conditions d&rsquo;utilisation<\/h2>\n\n\n\n<p>Les pr\u00e9sentes Conditions d\u2019utilisation s\u2019appliquent au site disponible sous le domaine <em>abridia.com <\/em>et les entit\u00e9s associ\u00e9es (ci-apr\u00e8s d\u00e9sign\u00e9s collectivement par le \u00ab Site \u00bb). Ces Conditions d\u2019utilisation doivent \u00eatre lues conjointement avec la Politique de confidentialit\u00e9 d\u2019ABRDIA. En utilisant le Site, vous acceptez ces Conditions d\u2019utilisation.<\/p>\n\n\n\n<p>En outre, l&rsquo;utilisation des produits et services d&rsquo;ABRIDIA est \u00e9galement soumise aux conditions de l&rsquo;accord conclu entre vous (ou votre entreprise) et ABRIDIA. Cela inclut, sans limitation, les Conditions g\u00e9n\u00e9rales ainsi qu\u2019un ou plusieurs jeux de Conditions particuli\u00e8res, le cas \u00e9ch\u00e9ant. Ces documents peuvent \u00eatre communiqu\u00e9s sur demande.<\/p>\n\n\n\n<h2 class=\"wp-block-heading\">Droits d\u2019auteur<\/h2>\n\n\n\n<p>Ce Site est la propri\u00e9t\u00e9 exclusive d&rsquo;ABRDIA ou de ses conc\u00e9dants de licence, et est prot\u00e9g\u00e9 par les lois sur le droit d\u2019auteur et la propri\u00e9t\u00e9 intellectuelle.<\/p>\n\n\n\n<p>Il vous est interdit de modifier, copier, stocker, reproduire, retransmettre, diffuser, louer, conc\u00e9der sous licence, distribuer, vendre, publier, transmettre ou faire circuler toute information, service, produit ou logiciel obtenu sur ce Site sans le consentement \u00e9crit pr\u00e9alable d&rsquo;ABRIDIA.<\/p>\n\n\n\n<p>Vous \u00eates cependant autoris\u00e9 \u00e0 imprimer des pages du Site dans la mesure o\u00f9 cela est raisonnablement n\u00e9cessaire \u00e0 votre utilisation du Site.<\/p>\n\n\n\n<h2 class=\"wp-block-heading\">Marques<\/h2>\n\n\n\n<p>Les noms et logos figurant sur ce site sont des marques d\u00e9pos\u00e9es d\u2019ABRDIA. Les marques utilis\u00e9es en lien avec les produits ou services d\u2019ABRIDIA sont la propri\u00e9t\u00e9 d\u2019ABRIDIA.<\/p>\n\n\n\n<p>Par ailleurs, d\u2019autres noms de produits\/services et\/ou d\u2019entreprises mentionn\u00e9s sur le Site peuvent \u00eatre des marques appartenant \u00e0 leurs propri\u00e9taires respectifs.<\/p>\n\n\n\n<h2 class=\"wp-block-heading\">Code de conduite<\/h2>\n\n\n\n<p>Il est interdit d\u2019utiliser le Site \u00e0 des fins ill\u00e9gales, diffamatoires, nuisibles, offensantes ou r\u00e9pr\u00e9hensibles de quelque mani\u00e8re que ce soit, ni de transmettre via le Site, ou d\u2019y publier tout contenu ill\u00e9gal, nuisible, diffamatoire, offensant ou r\u00e9pr\u00e9hensible.<\/p>\n\n\n\n<p>ABRIDIA peut prendre toute mesure \u00e0 l\u2019encontre de toute information ou contenu transmis via le Site qu\u2019elle jugerait contraire aux pr\u00e9sentes conditions.<\/p>\n\n\n\n<p>ABRIDIA se r\u00e9serve le droit de refuser l\u2019acc\u00e8s au Site \u00e0 tout utilisateur, unilat\u00e9ralement et sans<\/p>\n\n\n\n<p>pr\u00e9avis, notamment (mais sans s\u2019y limiter) en cas de non-respect des pr\u00e9sentes conditions.<\/p>\n\n\n\n<h2 class=\"wp-block-heading\">Publicit\u00e9s et promotions<\/h2>\n\n\n\n<p>ABRIDIA peut utiliser le Site pour diffuser des publicit\u00e9s concernant ses produits et services (ou ceux de ses soci\u00e9t\u00e9s affili\u00e9es).<\/p>\n\n\n\n<p>ABRIDIA peut autoriser toute personne physique ou morale \u00e0 faire la promotion de leurs produits ou<\/p>\n\n\n\n<p>services sur le Site.<\/p>\n\n\n\n<h2 class=\"wp-block-heading\">Clauses de non-responsabilit\u00e9<\/h2>\n\n\n\n<p>Votre utilisation du Site se fait \u00e0 vos propres risques. Bien qu\u2019ABRIDIA s\u2019efforce de fournir des informations fiables, elle ne garantit pas l&rsquo;exactitude, l&rsquo;exhaustivit\u00e9, l\u2019actualit\u00e9 ou l\u2019ordre correct des informations, qu\u2019elles soient produites par ABRIDIA ou recueillies \u00e0 partir de sources publiques.<\/p>\n\n\n\n<p>Il peut y avoir des retards, des omissions ou des inexactitudes.<\/p>\n\n\n\n<p>ABRIDIA ne garantit pas la pertinence des informations ou des logiciels tiers contenus dans ce Site. Le Site, ses contenus, logiciels, produits et services sont fournis \u00ab en l\u2019\u00e9tat \u00bb et \u00ab selon la disponibilit\u00e9 \u00bb, sans aucune garantie (y compris, mais sans s\u2019y limiter, toute garantie de qualit\u00e9, d\u2019exactitude ou d\u2019ad\u00e9quation \u00e0 un usage particulier).<\/p>\n\n\n\n<p>Les caract\u00e9ristiques et prix des produits et services peuvent \u00eatre modifi\u00e9s sans pr\u00e9avis.<\/p>\n\n\n\n<p>Vous acceptez que, sauf en cas de fraude ou faute intentionnelle et dans les limites autoris\u00e9es par la loi applicable :<\/p>\n\n\n\n<ul class=\"wp-block-list\">\n<li>ABRIDIA ne pourra \u00eatre tenue responsable de l\u2019exactitude, de l\u2019exhaustivit\u00e9 ou de l\u2019actualit\u00e9 des informations, ni des dommages ou pertes caus\u00e9s \u00e0 vos donn\u00e9es ou mat\u00e9riels, ou r\u00e9sultant de l\u2019utilisation du Site (y compris la transmission de virus) ;<\/li>\n\n\n\n<li>ABRIDIA ne pourra \u00eatre tenue responsable (contractuellement ou autrement) de tout dommage direct, indirect, accessoire, sp\u00e9cial, punitif, exemplaire ou cons\u00e9cutif (y compris la perte de temps, de revenus, de profits, de clients ou de donn\u00e9es), de toute d\u00e9cision prise sur la base d\u2019une information du Site, d\u2019une interruption des services ou d\u2019une utilisation frauduleuse du Site par un tiers ;<\/li>\n<\/ul>\n\n\n\n<h2 class=\"wp-block-heading\">Indemnisation<\/h2>\n\n\n\n<p>Vous acceptez de d\u00e9fendre, d\u2019indemniser et de d\u00e9gager de toute responsabilit\u00e9 ABRIDIA, ses dirigeants, administrateurs, actionnaires, employ\u00e9s, sous-traitants et agents contre toute r\u00e9clamation, action ou demande (y compris les frais juridiques raisonnables) r\u00e9sultant de votre mauvaise utilisation du Site ou de toute violation des pr\u00e9sentes Conditions d\u2019utilisation.<\/p>\n\n\n\n<h2 class=\"wp-block-heading\">Liens vers d&rsquo;autres sites<\/h2>\n\n\n\n<p>Ce Site contient des liens vers d&rsquo;autres sites afin de vous offrir une ressource plus compl\u00e8te.<\/p>\n\n\n\n<p>Les sites li\u00e9s ne sont pas sous le contr\u00f4le d\u2019ABRDIA, qui d\u00e9cline toute responsabilit\u00e9 quant \u00e0 leur contenu ou \u00e0 la mani\u00e8re dont ils g\u00e8rent vos donn\u00e9es.<\/p>\n\n\n\n<h2 class=\"wp-block-heading\">Dispositions g\u00e9n\u00e9rales<\/h2>\n\n\n\n<p>ABRIDIA peut modifier ces Conditions d\u2019utilisation \u00e0 tout moment. Toute modification sera signal\u00e9e sur la page d\u2019accueil du Site.<\/p>\n\n\n\n<p>Une version imprim\u00e9e de ces Conditions, ou toute notification envoy\u00e9e sous forme \u00e9lectronique, pourra \u00eatre produite en justice et aura la m\u00eame valeur l\u00e9gale qu\u2019un document papier.<\/p>\n\n\n\n<p>Si une disposition des pr\u00e9sentes Conditions d\u2019utilisation est jug\u00e9e inapplicable, elle sera modifi\u00e9e pour la rendre applicable tout en respectant son intention initiale. Si cela n\u2019est pas possible, elle sera remplac\u00e9e par une disposition \u00e9quivalente.<\/p>\n\n\n\n<h2 class=\"wp-block-heading\">Langue des Conditions<\/h2>\n\n\n\n<p>Lorsque ABRIDIA vous fournit une traduction de la version fran\u00e7aise de ces Conditions d\u2019utilisation, vous reconnaissez que cette traduction est fournie uniquement pour votre commodit\u00e9.<\/p>\n\n\n\n<p>En cas de contradiction entre la version fran\u00e7aise et la traduction, la version anglaise pr\u00e9vaudra.<\/p>","protected":false},"excerpt":{"rendered":"<p>Conditions d&rsquo;utilisation d&rsquo;ABRDIA Ce site web est la propri\u00e9t\u00e9 d&rsquo;ABRDIA. Coordonn\u00e9es : 2 Rue Mars, Immeuble Akkouri, Tozeur 2210, Tunisia. E-mail : contact@abridia.com Conditions d&rsquo;utilisation Les pr\u00e9sentes Conditions d\u2019utilisation s\u2019appliquent au site disponible sous le domaine abridia.com et les entit\u00e9s associ\u00e9es (ci-apr\u00e8s d\u00e9sign\u00e9s collectivement par le \u00ab Site \u00bb). Ces Conditions d\u2019utilisation doivent \u00eatre lues [&hellip;]<\/p>","protected":false},"author":1,"featured_media":0,"parent":0,"menu_order":0,"comment_status":"closed","ping_status":"closed","template":"","meta":{"_acf_changed":false,"om_disable_all_campaigns":false,"pagelayer_contact_templates":[],"_pagelayer_content":"","_monsterinsights_skip_tracking":false,"_monsterinsights_sitenote_active":false,"_monsterinsights_sitenote_note":"","_monsterinsights_sitenote_category":0,"footnotes":""},"class_list":["post-2285","page","type-page","status-publish","hentry"],"acf":[],"aioseo_notices":[],"_links":{"self":[{"href":"https:\/\/asqhub.com\/arbidia\/en\/wp-json\/wp\/v2\/pages\/2285","targetHints":{"allow":["GET"]}}],"collection":[{"href":"https:\/\/asqhub.com\/arbidia\/en\/wp-json\/wp\/v2\/pages"}],"about":[{"href":"https:\/\/asqhub.com\/arbidia\/en\/wp-json\/wp\/v2\/types\/page"}],"author":[{"embeddable":true,"href":"https:\/\/asqhub.com\/arbidia\/en\/wp-json\/wp\/v2\/users\/1"}],"replies":[{"embeddable":true,"href":"https:\/\/asqhub.com\/arbidia\/en\/wp-json\/wp\/v2\/comments?post=2285"}],"version-history":[{"count":1,"href":"https:\/\/asqhub.com\/arbidia\/en\/wp-json\/wp\/v2\/pages\/2285\/revisions"}],"predecessor-version":[{"id":2288,"href":"https:\/\/asqhub.com\/arbidia\/en\/wp-json\/wp\/v2\/pages\/2285\/revisions\/2288"}],"wp:attachment":[{"href":"https:\/\/asqhub.com\/arbidia\/en\/wp-json\/wp\/v2\/media?parent=2285"}],"curies":[{"name":"wp","href":"https:\/\/api.w.org\/{rel}","templated":true}]}}