{"id":2005,"date":"2025-07-14T17:42:47","date_gmt":"2025-07-14T17:42:47","guid":{"rendered":"https:\/\/asqhub.com\/arbidia\/?page_id=2005"},"modified":"2025-11-03T15:43:33","modified_gmt":"2025-11-03T15:43:33","slug":"freight-facturation","status":"publish","type":"page","link":"https:\/\/asqhub.com\/arbidia\/en\/freight-facturation\/","title":{"rendered":"Freight Invoice"},"content":{"rendered":"<div class=\"wpb-content-wrapper\"><section style=\"\" class=\"vc_section mask vc_custom_1762184604966 vc_section-has-fill\"><div style=\"\" class=\"vc_row wpb_row vc_row-fluid vc_custom_1575622061060\"><div class=\"row-inner\"><div class=\"wpb_column vc_column_container vc_col-sm-7\"><div class=\"vc_column-inner\"><div class=\"wpb_wrapper\"><div style=\"font-size: 3rem;color: #ffffff;text-align: left\" class=\"vc_custom_heading vc_do_custom_heading delay-1 custom-hd wpb_animate_when_almost_visible wpb_fadeInUp fadeInUp vc_custom_1752512031789\" >Our modules<\/div><div class=\"vc_empty_space\"   style=\"height: 20px\"><span class=\"vc_empty_space_inner\"><\/span><\/div><h2 style=\"font-size: 6rem;color: #ffffff;line-height: 0.9;text-align: left\" class=\"vc_custom_heading vc_do_custom_heading custom-hd delay-2 wpb_animate_when_almost_visible wpb_fadeInUp fadeInUp\" >FREIGHT INVOICE<\/h2><div class=\"vc_separator wpb_content_element vc_separator_align_center vc_sep_width_10 vc_sep_border_width_5 vc_sep_pos_align_left vc_separator_no_text vc_sep_color_white vc_custom_1540432371541 wpb_content_element  vc_custom_1540432371541 wpb_content_element delay-4 wpb_animate_when_almost_visible wpb_fadeInUp fadeInUp wpb_animate_when_almost_visible wpb_fadeInUp fadeInUp\" ><span class=\"vc_sep_holder vc_sep_holder_l\"><span class=\"vc_sep_line\"><\/span><\/span><span class=\"vc_sep_holder vc_sep_holder_r\"><span class=\"vc_sep_line\"><\/span><\/span>\n<\/div>\n\t<div class=\"wpb_text_column wpb_content_element wpb_animate_when_almost_visible wpb_fadeInUp fadeInUp vc_custom_1752512180649 delay-3\" >\n\t\t<div class=\"wpb_wrapper\">\n\t\t\t<p><a class=\"button line\" href=\"https:\/\/asqhub.com\/arbidia\/en\/contact-us\/\">Request a demo<\/a><\/p>\n\n\t\t<\/div>\n\t<\/div>\n<\/div><\/div><\/div><div class=\"wpb_column vc_column_container vc_col-sm-5\"><div class=\"vc_column-inner\"><div class=\"wpb_wrapper\"><\/div><\/div><\/div><\/div><\/div><\/section><section style=\"\" id=\"overview\" class=\"vc_section\"><div style=\"background-position: center center !important; background-size: 100% 100% !important;\" class=\"vc_row wpb_row vc_row-fluid vc_custom_1758290691707\"><div class=\"row-inner\"><div class=\"wpb_column vc_column_container vc_col-sm-6\"><div class=\"vc_column-inner\"><div class=\"wpb_wrapper\"><div class=\"vc_empty_space\"   style=\"height: 80px\"><span class=\"vc_empty_space_inner\"><\/span><\/div><h2 style=\"color: #0A51DF;text-align: left\" class=\"vc_custom_heading vc_do_custom_heading\" >Transport-specific Invoicing<\/h2><div  class=\"vc_wp_text wpb_content_element\"><div class=\"widget widget_text\">\t\t\t<div class=\"textwidget\"><\/p>\n<div class=\"wpb_text_column wpb_content_element\">\n<div class=\"wpb_wrapper\">\n<p><span style=\"color: #000000;\">Module dedicated to generating personalized invoices related to transport services.<\/span><\/p>\n<p><span style=\"color: #000000;\">Features of FREIGHT INVOICE<\/span><br \/>\n<span style=\"color: #000000;\">\u2022 Automatic creation of invoices according to completed missions<\/span><br \/>\n<span style=\"color: #000000;\">\u2022 Customizable pricing matrix (weight, volume, distance, client\u2026)<\/span><br \/>\n<span style=\"color: #000000;\">\u2022 Invoicing templates specific to the transport industry<\/span><br \/>\n<span style=\"color: #000000;\">\u2022 Interconnection with Order, Reporting and third-party ERPs<\/span><\/p>\n<\/div>\n<\/div>\n<p>\n<\/div>\n\t\t<\/div><\/div><div class=\"vc_btn3-container  wpb_animate_when_almost_visible wpb_fadeInLeft fadeInLeft vc_btn3-center vc_custom_1758290679303 vc_do_btn\" ><a onmouseleave=\"this.style.borderColor='#0AE8C8'; this.style.backgroundColor='transparent'; this.style.color='#0AE8C8'\" onmouseenter=\"this.style.borderColor='#0AE8C8'; this.style.backgroundColor='#0AE8C8'; this.style.color='#FFFFFF';\" style=\"border-color:#0AE8C8; color:#0AE8C8;\" class=\"vc_general vc_btn3 vc_btn3-size-lg vc_btn3-shape-rounded vc_btn3-style-outline-custom vc_btn3-block vc_btn3-icon-left\" href=\"https:\/\/asqhub.com\/arbidia\/en\/contact\/\" title=\"Contact us\"><i class=\"vc_btn3-icon fa fa-solid fa-link\"><\/i> D\u00e9mo<\/a><\/div><\/div><\/div><\/div><div class=\"wpb_column vc_column_container vc_col-sm-6\"><div class=\"vc_column-inner\"><div class=\"wpb_wrapper\">\n\t<div  class=\"wpb_single_image wpb_content_element vc_align_left wpb_content_element\">\n\t\t\n\t\t<figure class=\"wpb_wrapper vc_figure\">\n\t\t\t<div class=\"vc_single_image-wrapper   vc_box_border_grey\"><img loading=\"lazy\" decoding=\"async\" width=\"710\" height=\"710\" src=\"https:\/\/asqhub.com\/arbidia\/wp-content\/uploads\/2025\/09\/invoice.jpg\" class=\"vc_single_image-img attachment-full\" alt=\"\" title=\"invoice\" srcset=\"https:\/\/asqhub.com\/arbidia\/wp-content\/uploads\/2025\/09\/invoice.jpg 710w, https:\/\/asqhub.com\/arbidia\/wp-content\/uploads\/2025\/09\/invoice-300x300.jpg 300w, https:\/\/asqhub.com\/arbidia\/wp-content\/uploads\/2025\/09\/invoice-150x150.jpg 150w\" sizes=\"auto, (max-width: 710px) 100vw, 710px\" \/><\/div>\n\t\t<\/figure>\n\t<\/div>\n<\/div><\/div><\/div><\/div><\/div><\/section><section style=\"\" class=\"vc_section vc_custom_1757631306164 vc_section-has-fill\"><div style=\"\" class=\"vc_row wpb_row vc_row-fluid vc_custom_1758290089847 vc_row-has-fill vc_row-o-equal-height vc_row-flex\"><div class=\"row-inner\"><div class=\"wpb_column vc_column_container vc_col-sm-12\"><div class=\"vc_column-inner\"><div class=\"wpb_wrapper\"><h3 style=\"color: #ffffff;text-align: center\" class=\"vc_custom_heading vc_do_custom_heading\" >Features of FREIGHT INVOICE<\/h3><div class=\"vc_empty_space\"   style=\"height: 32px\"><span class=\"vc_empty_space_inner\"><\/span><\/div><\/div><\/div><\/div><div class=\"wpb_column vc_column_container vc_col-sm-12\"><div class=\"vc_column-inner\"><div class=\"wpb_wrapper\"><div class=\"vc_row wpb_row vc_inner vc_row-fluid vc_row-o-equal-height vc_row-flex\"><div class=\"wpb_column vc_column_container vc_col-sm-3\"><div class=\"vc_column-inner\"><div class=\"wpb_wrapper\"><div class=\"iconbox style4  vc_custom_1759096600866\">\n\n\t<h4 class=\"box-title\">History<\/h4>\n\t<div class=\"box-detail\">\n\t\t<\/p>\n<p style=\"text-align: center\"><span style=\"color: #ffffff\">Generation of a complete video history of shipping tours, providing detailed visual traceability of traveled routes.<\/span><\/p>\n<p>\n\t\n\t<\/div>\n\t<div class=\"box-icon\"><img decoding=\"async\" src=\"https:\/\/asqhub.com\/arbidia\/wp-content\/uploads\/2018\/08\/package-delivered-2312_17814d8b-9916-4be1-b4c7-2a636c4f081e.svg\" alt=\"History\" \/><\/div>\t\n\t\n<\/div><\/div><\/div><\/div><div class=\"wpb_column vc_column_container vc_col-sm-3\"><div class=\"vc_column-inner\"><div class=\"wpb_wrapper\"><div class=\"iconbox style4  vc_custom_1759096720356\">\n\n\t<h4 class=\"box-title\">Analyse<\/h4>\n\t<div class=\"box-detail\">\n\t\t<\/p>\n<p style=\"text-align: center\"><span style=\"color: #ffffff\">In-depth route analysis accounting for fuel consumption, speed variations and route segmentation<\/span><\/p>\n<p>\n\t\n\t<\/div>\n\t<div class=\"box-icon\"><img decoding=\"async\" src=\"https:\/\/asqhub.com\/arbidia\/wp-content\/uploads\/2018\/10\/data-app-1773_fbc7ba70-c0d5-4cc7-a53f-afec52c9f809.svg\" alt=\"Analyse\" \/><\/div>\t\n\t\n<\/div><\/div><\/div><\/div><div class=\"wpb_column vc_column_container vc_col-sm-3\"><div class=\"vc_column-inner\"><div class=\"wpb_wrapper\"><div class=\"iconbox style4  vc_custom_1759096687187\">\n\n\t<h4 class=\"box-title\">Alertes<\/h4>\n\t<div class=\"box-detail\">\n\t\t<\/p>\n<p style=\"text-align: center\"><span style=\"color: #ffffff\">Generation of alerts in case of delays or unexpected events, accompanied by instant notifications for optimal responsiveness.<\/span><\/p>\n<p>\n\t\n\t<\/div>\n\t<div class=\"box-icon\"><img decoding=\"async\" src=\"https:\/\/asqhub.com\/arbidia\/wp-content\/uploads\/2018\/08\/certificate-3906_9409fbfb-3ac8-44aa-bdc3-e7793fad872f.svg\" alt=\"Alertes\" \/><\/div>\t\n\t\n<\/div><\/div><\/div><\/div><div class=\"wpb_column vc_column_container vc_col-sm-3\"><div class=\"vc_column-inner\"><div class=\"wpb_wrapper\"><div class=\"iconbox style4\">\n\n\t<h4 class=\"box-title\">Real time<\/h4>\n\t<div class=\"box-detail\">\n\t\t<\/p>\n<p style=\"text-align: center\"><span style=\"color: #ffffff\">Real-time monitoring of goods via IoT sensors, ensuring precise and continuous traceability of transport conditions and safety.<\/span><\/p>\n<p>\n\t\n\t<\/div>\n\t<div class=\"box-icon\"><img decoding=\"async\" src=\"https:\/\/asqhub.com\/arbidia\/wp-content\/uploads\/2018\/09\/computer-network-1878_39828809-88f9-48e1-9a76-61c99401ec99.svg\" alt=\"Real time\" \/><\/div>\t\n\t\n<\/div><\/div><\/div><\/div><\/div><\/div><\/div><\/div><\/div><\/div><\/section>\n<\/div>","protected":false},"excerpt":{"rendered":"Nos modulesFREIGHT INVOICE Demander une d\u00e9mo Facturation Transport Sp\u00e9cifique Module d\u00e9di\u00e9 \u00e0 la g\u00e9n\u00e9ration de factures personnalis\u00e9es li\u00e9es aux prestations de transport. Fonctionnalit\u00e9s de FREIGHT INVOICE \u2022 Cr\u00e9ation automatique de factures selon missions r\u00e9alis\u00e9es \u2022 Matrice tarifaire personnalisable (poids, volume, distance, client...) \u2022 Mod\u00e8les de facturation sp\u00e9cifiques au m\u00e9tier transport \u2022 Interconnexion avec Order, Reporting [...]","protected":false},"author":1,"featured_media":0,"parent":0,"menu_order":0,"comment_status":"closed","ping_status":"closed","template":"tmpl\/template-fullwidth.php","meta":{"_acf_changed":false,"om_disable_all_campaigns":false,"pagelayer_contact_templates":[],"_pagelayer_content":"","_monsterinsights_skip_tracking":false,"_monsterinsights_sitenote_active":false,"_monsterinsights_sitenote_note":"","_monsterinsights_sitenote_category":0,"footnotes":""},"class_list":["post-2005","page","type-page","status-publish","hentry"],"acf":[],"aioseo_notices":[],"_links":{"self":[{"href":"https:\/\/asqhub.com\/arbidia\/en\/wp-json\/wp\/v2\/pages\/2005","targetHints":{"allow":["GET"]}}],"collection":[{"href":"https:\/\/asqhub.com\/arbidia\/en\/wp-json\/wp\/v2\/pages"}],"about":[{"href":"https:\/\/asqhub.com\/arbidia\/en\/wp-json\/wp\/v2\/types\/page"}],"author":[{"embeddable":true,"href":"https:\/\/asqhub.com\/arbidia\/en\/wp-json\/wp\/v2\/users\/1"}],"replies":[{"embeddable":true,"href":"https:\/\/asqhub.com\/arbidia\/en\/wp-json\/wp\/v2\/comments?post=2005"}],"version-history":[{"count":18,"href":"https:\/\/asqhub.com\/arbidia\/en\/wp-json\/wp\/v2\/pages\/2005\/revisions"}],"predecessor-version":[{"id":2781,"href":"https:\/\/asqhub.com\/arbidia\/en\/wp-json\/wp\/v2\/pages\/2005\/revisions\/2781"}],"wp:attachment":[{"href":"https:\/\/asqhub.com\/arbidia\/en\/wp-json\/wp\/v2\/media?parent=2005"}],"curies":[{"name":"wp","href":"https:\/\/api.w.org\/{rel}","templated":true}]}}