{"id":2000,"date":"2025-07-14T17:38:16","date_gmt":"2025-07-14T17:38:16","guid":{"rendered":"https:\/\/asqhub.com\/arbidia\/?page_id=2000"},"modified":"2025-10-30T06:14:14","modified_gmt":"2025-10-30T06:14:14","slug":"freight-track","status":"publish","type":"page","link":"https:\/\/asqhub.com\/arbidia\/en\/freight-track\/","title":{"rendered":"Freight Truck"},"content":{"rendered":"<div class=\"wpb-content-wrapper\"><section style=\"\" class=\"vc_section mask vc_custom_1761804795476 vc_section-has-fill\"><div style=\"\" class=\"vc_row wpb_row vc_row-fluid vc_custom_1575622061060\"><div class=\"row-inner\"><div class=\"wpb_column vc_column_container vc_col-sm-7\"><div class=\"vc_column-inner\"><div class=\"wpb_wrapper\"><div style=\"font-size: 3rem;color: #ffffff;text-align: left\" class=\"vc_custom_heading vc_do_custom_heading delay-1 custom-hd wpb_animate_when_almost_visible wpb_fadeInUp fadeInUp vc_custom_1752512031789\" >Our modules<\/div><div class=\"vc_empty_space\"   style=\"height: 20px\"><span class=\"vc_empty_space_inner\"><\/span><\/div><h2 style=\"font-size: 6rem;color: #ffffff;line-height: 0.9;text-align: left\" class=\"vc_custom_heading vc_do_custom_heading custom-hd delay-2 wpb_animate_when_almost_visible wpb_fadeInUp fadeInUp\" >FREIGHT TRUCK<\/h2><div class=\"vc_separator wpb_content_element vc_separator_align_center vc_sep_width_10 vc_sep_border_width_5 vc_sep_pos_align_left vc_separator_no_text vc_sep_color_white vc_custom_1540432371541 wpb_content_element  vc_custom_1540432371541 wpb_content_element delay-4 wpb_animate_when_almost_visible wpb_fadeInUp fadeInUp wpb_animate_when_almost_visible wpb_fadeInUp fadeInUp\" ><span class=\"vc_sep_holder vc_sep_holder_l\"><span class=\"vc_sep_line\"><\/span><\/span><span class=\"vc_sep_holder vc_sep_holder_r\"><span class=\"vc_sep_line\"><\/span><\/span>\n<\/div>\n\t<div class=\"wpb_text_column wpb_content_element wpb_animate_when_almost_visible wpb_fadeInUp fadeInUp vc_custom_1752512180649 delay-3\" >\n\t\t<div class=\"wpb_wrapper\">\n\t\t\t<p><a class=\"button line\" href=\"https:\/\/asqhub.com\/arbidia\/en\/contact-us\/\">Request a demo<\/a><\/p>\n\n\t\t<\/div>\n\t<\/div>\n<\/div><\/div><\/div><div class=\"wpb_column vc_column_container vc_col-sm-5\"><div class=\"vc_column-inner\"><div class=\"wpb_wrapper\"><\/div><\/div><\/div><\/div><\/div><\/section><section style=\"\" id=\"overview\" class=\"vc_section\"><div style=\"background-position: center center !important; background-size: 100% 100% !important;\" class=\"vc_row wpb_row vc_row-fluid vc_custom_1758274787074\"><div class=\"row-inner\"><div class=\"wpb_column vc_column_container vc_col-sm-6\"><div class=\"vc_column-inner\"><div class=\"wpb_wrapper\"><div class=\"vc_empty_space\"   style=\"height: 80px\"><span class=\"vc_empty_space_inner\"><\/span><\/div><div  class=\"vc_wp_text wpb_content_element\"><div class=\"widget widget_text\">\t\t\t<div class=\"textwidget\"><\/p>\n<h2 class=\"vc_custom_heading vc_do_custom_heading\"><span style=\"color: #0a51df;\">Precise control of every journey, every moment<\/span><\/h2>\n<p>\n<\/div>\n\t\t<\/div><\/div><div  class=\"vc_wp_text wpb_content_element\"><div class=\"widget widget_text\">\t\t\t<div class=\"textwidget\"><\/p>\n<div class=\"wpb_text_column wpb_content_element\">\n<div class=\"wpb_wrapper\">\n<p><span style=\"color: #000000;\">This module guarantees transparency of transport operations by offering real-time tracking of\ntransport orders, with route visualization on an interactive map.<\/span><\/div>\n<\/div>\n<p>\n<\/div>\n\t\t<\/div><\/div><div class=\"vc_btn3-container  wpb_animate_when_almost_visible wpb_fadeInLeft fadeInLeft vc_btn3-center vc_custom_1758274806440 vc_do_btn\" ><a onmouseleave=\"this.style.borderColor='#0AE8C8'; this.style.backgroundColor='transparent'; this.style.color='#0AE8C8'\" onmouseenter=\"this.style.borderColor='#0AE8C8'; this.style.backgroundColor='#0AE8C8'; this.style.color='#FFFFFF';\" style=\"border-color:#0AE8C8; color:#0AE8C8;\" class=\"vc_general vc_btn3 vc_btn3-size-lg vc_btn3-shape-rounded vc_btn3-style-outline-custom vc_btn3-block vc_btn3-icon-left\" href=\"https:\/\/asqhub.com\/arbidia\/en\/contact\/\" title=\"Contact us\"><i class=\"vc_btn3-icon fa fa-solid fa-link\"><\/i> D\u00e9mo<\/a><\/div><\/div><\/div><\/div><div class=\"wpb_column vc_column_container vc_col-sm-6\"><div class=\"vc_column-inner\"><div class=\"wpb_wrapper\">\n\t<div  class=\"wpb_single_image wpb_content_element vc_align_left wpb_content_element\">\n\t\t\n\t\t<figure class=\"wpb_wrapper vc_figure\">\n\t\t\t<div class=\"vc_single_image-wrapper   vc_box_border_grey\"><img loading=\"lazy\" decoding=\"async\" width=\"2560\" height=\"1703\" src=\"https:\/\/asqhub.com\/arbidia\/wp-content\/uploads\/2025\/10\/truck-is-behind-black-man-is-standing-on-the-road-2023-11-29-02-06-25-utc-scaled-1.jpg\" class=\"vc_single_image-img attachment-full\" alt=\"\" title=\"truck-is-behind-black-man-is-standing-on-the-road-2023-11-29-02-06-25-utc-scaled\" srcset=\"https:\/\/asqhub.com\/arbidia\/wp-content\/uploads\/2025\/10\/truck-is-behind-black-man-is-standing-on-the-road-2023-11-29-02-06-25-utc-scaled-1.jpg 2560w, https:\/\/asqhub.com\/arbidia\/wp-content\/uploads\/2025\/10\/truck-is-behind-black-man-is-standing-on-the-road-2023-11-29-02-06-25-utc-scaled-1-300x200.jpg 300w, https:\/\/asqhub.com\/arbidia\/wp-content\/uploads\/2025\/10\/truck-is-behind-black-man-is-standing-on-the-road-2023-11-29-02-06-25-utc-scaled-1-1024x681.jpg 1024w, https:\/\/asqhub.com\/arbidia\/wp-content\/uploads\/2025\/10\/truck-is-behind-black-man-is-standing-on-the-road-2023-11-29-02-06-25-utc-scaled-1-768x511.jpg 768w, https:\/\/asqhub.com\/arbidia\/wp-content\/uploads\/2025\/10\/truck-is-behind-black-man-is-standing-on-the-road-2023-11-29-02-06-25-utc-scaled-1-1536x1022.jpg 1536w, https:\/\/asqhub.com\/arbidia\/wp-content\/uploads\/2025\/10\/truck-is-behind-black-man-is-standing-on-the-road-2023-11-29-02-06-25-utc-scaled-1-2048x1362.jpg 2048w, https:\/\/asqhub.com\/arbidia\/wp-content\/uploads\/2025\/10\/truck-is-behind-black-man-is-standing-on-the-road-2023-11-29-02-06-25-utc-scaled-1-18x12.jpg 18w\" sizes=\"auto, (max-width: 2560px) 100vw, 2560px\" \/><\/div>\n\t\t<\/figure>\n\t<\/div>\n<\/div><\/div><\/div><\/div><\/div><\/section><section style=\"\" class=\"vc_section vc_custom_1757631306164 vc_section-has-fill\"><div style=\"\" class=\"vc_row wpb_row vc_row-fluid vc_custom_1758290089847 vc_row-has-fill vc_row-o-equal-height vc_row-flex\"><div class=\"row-inner\"><div class=\"wpb_column vc_column_container vc_col-sm-12\"><div class=\"vc_column-inner\"><div class=\"wpb_wrapper\"><h3 style=\"color: #ffffff;text-align: center\" class=\"vc_custom_heading vc_do_custom_heading\" >Features of FREIGHT TRACK<\/h3><div class=\"vc_empty_space\"   style=\"height: 32px\"><span class=\"vc_empty_space_inner\"><\/span><\/div><\/div><\/div><\/div><div class=\"wpb_column vc_column_container vc_col-sm-12\"><div class=\"vc_column-inner\"><div class=\"wpb_wrapper\"><div class=\"vc_row wpb_row vc_inner vc_row-fluid vc_row-o-equal-height vc_row-flex\"><div class=\"wpb_column vc_column_container vc_col-sm-3\"><div class=\"vc_column-inner\"><div class=\"wpb_wrapper\"><div class=\"iconbox style4  vc_custom_1759096600866\">\n\n\t<h4 class=\"box-title\">History<\/h4>\n\t<div class=\"box-detail\">\n\t\t<\/p>\n<p style=\"text-align: center\"><span style=\"color: #ffffff\">Generation of a complete video history of shipping tours, providing detailed visual traceability of traveled routes.<\/span><\/p>\n<p>\n\t\n\t<\/div>\n\t<div class=\"box-icon\"><img decoding=\"async\" src=\"https:\/\/asqhub.com\/arbidia\/wp-content\/uploads\/2018\/08\/package-delivered-2312_17814d8b-9916-4be1-b4c7-2a636c4f081e.svg\" alt=\"History\" \/><\/div>\t\n\t\n<\/div><\/div><\/div><\/div><div class=\"wpb_column vc_column_container vc_col-sm-3\"><div class=\"vc_column-inner\"><div class=\"wpb_wrapper\"><div class=\"iconbox style4  vc_custom_1759096720356\">\n\n\t<h4 class=\"box-title\">Analyse<\/h4>\n\t<div class=\"box-detail\">\n\t\t<\/p>\n<p style=\"text-align: center\"><span style=\"color: #ffffff\">In-depth route analysis accounting for fuel consumption, speed variations and route segmentation<\/span><\/p>\n<p>\n\t\n\t<\/div>\n\t<div class=\"box-icon\"><img decoding=\"async\" src=\"https:\/\/asqhub.com\/arbidia\/wp-content\/uploads\/2018\/10\/data-app-1773_fbc7ba70-c0d5-4cc7-a53f-afec52c9f809.svg\" alt=\"Analyse\" \/><\/div>\t\n\t\n<\/div><\/div><\/div><\/div><div class=\"wpb_column vc_column_container vc_col-sm-3\"><div class=\"vc_column-inner\"><div class=\"wpb_wrapper\"><div class=\"iconbox style4  vc_custom_1759096687187\">\n\n\t<h4 class=\"box-title\">Alertes<\/h4>\n\t<div class=\"box-detail\">\n\t\t<\/p>\n<p style=\"text-align: center\"><span style=\"color: #ffffff\">Generation of alerts in case of delays or unexpected events, accompanied by instant notifications for optimal responsiveness.<\/span><\/p>\n<p>\n\t\n\t<\/div>\n\t<div class=\"box-icon\"><img decoding=\"async\" src=\"https:\/\/asqhub.com\/arbidia\/wp-content\/uploads\/2018\/08\/certificate-3906_9409fbfb-3ac8-44aa-bdc3-e7793fad872f.svg\" alt=\"Alertes\" \/><\/div>\t\n\t\n<\/div><\/div><\/div><\/div><div class=\"wpb_column vc_column_container vc_col-sm-3\"><div class=\"vc_column-inner\"><div class=\"wpb_wrapper\"><div class=\"iconbox style4\">\n\n\t<h4 class=\"box-title\">Real time<\/h4>\n\t<div class=\"box-detail\">\n\t\t<\/p>\n<p style=\"text-align: center\"><span style=\"color: #ffffff\">Real-time monitoring of goods via IoT sensors, ensuring precise and continuous traceability of transport conditions and safety.<\/span><\/p>\n<p>\n\t\n\t<\/div>\n\t<div class=\"box-icon\"><img decoding=\"async\" src=\"https:\/\/asqhub.com\/arbidia\/wp-content\/uploads\/2018\/09\/computer-network-1878_39828809-88f9-48e1-9a76-61c99401ec99.svg\" alt=\"Real time\" \/><\/div>\t\n\t\n<\/div><\/div><\/div><\/div><\/div><\/div><\/div><\/div><\/div><\/div><\/section>\n<\/div>","protected":false},"excerpt":{"rendered":"Nos modulesFREIGHT TRUCK Demander une d\u00e9mo Le contr\u00f4le pr\u00e9cis de chaque trajet, \u00e0 chaque instant Ce module garantit la transparence des op\u00e9rations de transport en offrant un suivi en temps r\u00e9el des ordres de transport, avec une visualisation des trajets sur une carte interactive. D\u00e9mo Fonctionnalit\u00e9s de FREIGHT TRACK History Generation of a complete video [...]","protected":false},"author":1,"featured_media":0,"parent":0,"menu_order":0,"comment_status":"closed","ping_status":"closed","template":"tmpl\/template-fullwidth.php","meta":{"_acf_changed":false,"om_disable_all_campaigns":false,"pagelayer_contact_templates":[],"_pagelayer_content":"","_monsterinsights_skip_tracking":false,"_monsterinsights_sitenote_active":false,"_monsterinsights_sitenote_note":"","_monsterinsights_sitenote_category":0,"footnotes":""},"class_list":["post-2000","page","type-page","status-publish","hentry"],"acf":[],"aioseo_notices":[],"_links":{"self":[{"href":"https:\/\/asqhub.com\/arbidia\/en\/wp-json\/wp\/v2\/pages\/2000","targetHints":{"allow":["GET"]}}],"collection":[{"href":"https:\/\/asqhub.com\/arbidia\/en\/wp-json\/wp\/v2\/pages"}],"about":[{"href":"https:\/\/asqhub.com\/arbidia\/en\/wp-json\/wp\/v2\/types\/page"}],"author":[{"embeddable":true,"href":"https:\/\/asqhub.com\/arbidia\/en\/wp-json\/wp\/v2\/users\/1"}],"replies":[{"embeddable":true,"href":"https:\/\/asqhub.com\/arbidia\/en\/wp-json\/wp\/v2\/comments?post=2000"}],"version-history":[{"count":35,"href":"https:\/\/asqhub.com\/arbidia\/en\/wp-json\/wp\/v2\/pages\/2000\/revisions"}],"predecessor-version":[{"id":2759,"href":"https:\/\/asqhub.com\/arbidia\/en\/wp-json\/wp\/v2\/pages\/2000\/revisions\/2759"}],"wp:attachment":[{"href":"https:\/\/asqhub.com\/arbidia\/en\/wp-json\/wp\/v2\/media?parent=2000"}],"curies":[{"name":"wp","href":"https:\/\/api.w.org\/{rel}","templated":true}]}}