{"id":1995,"date":"2025-07-14T17:26:49","date_gmt":"2025-07-14T17:26:49","guid":{"rendered":"https:\/\/asqhub.com\/arbidia\/?page_id=1995"},"modified":"2025-09-28T21:45:24","modified_gmt":"2025-09-28T21:45:24","slug":"freight-plan","status":"publish","type":"page","link":"https:\/\/asqhub.com\/arbidia\/en\/freight-plan\/","title":{"rendered":"Freight Plan"},"content":{"rendered":"<div class=\"wpb-content-wrapper\"><section style=\"\" class=\"vc_section mask vc_custom_1758490787416 vc_section-has-fill\"><div style=\"\" class=\"vc_row wpb_row vc_row-fluid vc_custom_1575622061060\"><div class=\"row-inner\"><div class=\"wpb_column vc_column_container vc_col-sm-7\"><div class=\"vc_column-inner\"><div class=\"wpb_wrapper\"><div style=\"font-size: 3rem;color: #ffffff;text-align: left\" class=\"vc_custom_heading vc_do_custom_heading delay-1 custom-hd wpb_animate_when_almost_visible wpb_fadeInUp fadeInUp vc_custom_1752512031789\" >Our modules<\/div><div class=\"vc_empty_space\"   style=\"height: 20px\"><span class=\"vc_empty_space_inner\"><\/span><\/div><h2 style=\"font-size: 6rem;color: #ffffff;line-height: 0.9;text-align: left\" class=\"vc_custom_heading vc_do_custom_heading custom-hd delay-2 wpb_animate_when_almost_visible wpb_fadeInUp fadeInUp\" >FREIGHT PLAN<\/h2><div class=\"vc_separator wpb_content_element vc_separator_align_center vc_sep_width_10 vc_sep_border_width_5 vc_sep_pos_align_left vc_separator_no_text vc_sep_color_white vc_custom_1540432371541 wpb_content_element  vc_custom_1540432371541 wpb_content_element delay-4 wpb_animate_when_almost_visible wpb_fadeInUp fadeInUp wpb_animate_when_almost_visible wpb_fadeInUp fadeInUp\" ><span class=\"vc_sep_holder vc_sep_holder_l\"><span class=\"vc_sep_line\"><\/span><\/span><span class=\"vc_sep_holder vc_sep_holder_r\"><span class=\"vc_sep_line\"><\/span><\/span>\n<\/div>\n\t<div class=\"wpb_text_column wpb_content_element wpb_animate_when_almost_visible wpb_fadeInUp fadeInUp vc_custom_1752512180649 delay-3\" >\n\t\t<div class=\"wpb_wrapper\">\n\t\t\t<p><a class=\"button line\" href=\"https:\/\/asqhub.com\/arbidia\/en\/contact-us\/\">Request a demo<\/a><\/p>\n\n\t\t<\/div>\n\t<\/div>\n<\/div><\/div><\/div><div class=\"wpb_column vc_column_container vc_col-sm-5\"><div class=\"vc_column-inner\"><div class=\"wpb_wrapper\"><\/div><\/div><\/div><\/div><\/div><\/section><section style=\"\" id=\"overview\" class=\"vc_section\"><div style=\"background-position: center center !important; background-size: 100% 100% !important;\" class=\"vc_row wpb_row vc_row-fluid vc_custom_1758490251407\"><div class=\"row-inner\"><div class=\"wpb_column vc_column_container vc_col-sm-6\"><div class=\"vc_column-inner\"><div class=\"wpb_wrapper\"><div class=\"vc_empty_space\"   style=\"height: 80px\"><span class=\"vc_empty_space_inner\"><\/span><\/div><div  class=\"vc_wp_text wpb_content_element\"><div class=\"widget widget_text\">\t\t\t<div class=\"textwidget\"><\/p>\n<h2 class=\"vc_custom_heading vc_do_custom_heading\"><span style=\"color: #0a51df;\">The intelligence that manages your resources and optimizes your time<\/span><\/h2>\n<p>\n<\/div>\n\t\t<\/div><\/div><div  class=\"vc_wp_text wpb_content_element\"><div class=\"widget widget_text\">\t\t\t<div class=\"textwidget\"><\/p>\n<div class=\"wpb_text_column wpb_content_element\">\n<div class=\"wpb_wrapper\">\n<p><span style=\"color: #000000;\">This module provides intelligent resource management through automatic route organization,\ndynamic assignment of drivers and transport units, thereby optimizing operational efficiency.<\/span><\/p>\n<\/div>\n<\/div>\n<p>\n<\/div>\n\t\t<\/div><\/div><div class=\"vc_btn3-container  wpb_animate_when_almost_visible wpb_fadeInLeft fadeInLeft vc_btn3-center vc_custom_1758490238094 vc_do_btn\" ><a onmouseleave=\"this.style.borderColor='#0AE8C8'; this.style.backgroundColor='transparent'; this.style.color='#0AE8C8'\" onmouseenter=\"this.style.borderColor='#0AE8C8'; this.style.backgroundColor='#0AE8C8'; this.style.color='#FFFFFF';\" style=\"border-color:#0AE8C8; color:#0AE8C8;\" class=\"vc_general vc_btn3 vc_btn3-size-lg vc_btn3-shape-rounded vc_btn3-style-outline-custom vc_btn3-block vc_btn3-icon-left\" href=\"https:\/\/asqhub.com\/arbidia\/en\/contact\/\" title=\"Contact us\"><i class=\"vc_btn3-icon fa fa-solid fa-link\"><\/i> D\u00e9mo<\/a><\/div><\/div><\/div><\/div><div class=\"wpb_column vc_column_container vc_col-sm-6\"><div class=\"vc_column-inner\"><div class=\"wpb_wrapper\">\n\t<div  class=\"wpb_single_image wpb_content_element vc_align_left wpb_content_element\">\n\t\t\n\t\t<figure class=\"wpb_wrapper vc_figure\">\n\t\t\t<div class=\"vc_single_image-wrapper   vc_box_border_grey\"><img loading=\"lazy\" decoding=\"async\" width=\"712\" height=\"712\" src=\"https:\/\/asqhub.com\/arbidia\/wp-content\/uploads\/2025\/09\/freight-plan-01.png\" class=\"vc_single_image-img attachment-full\" alt=\"\" title=\"freight plan-01\" srcset=\"https:\/\/asqhub.com\/arbidia\/wp-content\/uploads\/2025\/09\/freight-plan-01.png 712w, https:\/\/asqhub.com\/arbidia\/wp-content\/uploads\/2025\/09\/freight-plan-01-300x300.png 300w, https:\/\/asqhub.com\/arbidia\/wp-content\/uploads\/2025\/09\/freight-plan-01-150x150.png 150w\" sizes=\"auto, (max-width: 712px) 100vw, 712px\" \/><\/div>\n\t\t<\/figure>\n\t<\/div>\n<\/div><\/div><\/div><\/div><\/div><\/section><section style=\"\" class=\"vc_section\"><div style=\"\" class=\"vc_row wpb_row vc_row-fluid vc_custom_1752513861998 vc_row-has-fill\"><div class=\"row-inner\"><div class=\"wpb_column vc_column_container vc_col-sm-12\"><div class=\"vc_column-inner\"><div class=\"wpb_wrapper\"><h3 style=\"color: #ffffff;text-align: center\" class=\"vc_custom_heading vc_do_custom_heading\" >Features of FREIGHT PLAN<\/h3><div class=\"vc_empty_space\"   style=\"height: 32px\"><span class=\"vc_empty_space_inner\"><\/span><\/div><\/div><\/div><\/div><div class=\"wpb_column vc_column_container vc_col-sm-12\"><div class=\"vc_column-inner\"><div class=\"wpb_wrapper\"><div class=\"vc_row wpb_row vc_inner vc_row-fluid\"><div class=\"wpb_column vc_column_container vc_col-sm-3\"><div class=\"vc_column-inner\"><div class=\"wpb_wrapper\"><div class=\"iconbox style4  vc_custom_1759095913369\">\n\n\t<h4 class=\"box-title\">Real time<\/h4>\n\t<div class=\"box-detail\">\n\t\t<\/p>\n<p style=\"text-align: center\"><span style=\"color: #ffffff\">Allocation of vehicles and drivers based on requests and constraints while optimizing vehicle<\/span><br \/>\n<span style=\"color: #ffffff\">loading capacity<\/span><\/p>\n<p>\n\t\n\t<\/div>\n\t<div class=\"box-icon\"><img decoding=\"async\" src=\"https:\/\/asqhub.com\/arbidia\/wp-content\/uploads\/2018\/08\/package-delivered-2312_17814d8b-9916-4be1-b4c7-2a636c4f081e.svg\" alt=\"Real time\" \/><\/div>\t\n\t\n<\/div><\/div><\/div><\/div><div class=\"wpb_column vc_column_container vc_col-sm-3\"><div class=\"vc_column-inner\"><div class=\"wpb_wrapper\"><div class=\"iconbox style4  vc_custom_1759095877961\">\n\n\t<h4 class=\"box-title\">Follow up<\/h4>\n\t<div class=\"box-detail\">\n\t\t<\/p>\n<p style=\"text-align: center\"><span style=\"color: #ffffff\">Management from order delivery to transport order <\/span><\/p>\n<p>\n\t\n\t<\/div>\n\t<div class=\"box-icon\"><img decoding=\"async\" src=\"https:\/\/asqhub.com\/arbidia\/wp-content\/uploads\/2018\/10\/data-app-1773_fbc7ba70-c0d5-4cc7-a53f-afec52c9f809.svg\" alt=\"Follow up\" \/><\/div>\t\n\t\n<\/div><\/div><\/div><\/div><div class=\"wpb_column vc_column_container vc_col-sm-3\"><div class=\"vc_column-inner\"><div class=\"wpb_wrapper\"><div class=\"iconbox style4  vc_custom_1759095838229\">\n\n\t<h4 class=\"box-title\">Management<\/h4>\n\t<div class=\"box-detail\">\n\t\t<\/p>\n<p style=\"text-align: center\"><span style=\"color: #ffffff\">Route tracking and consultation: access destinations, delivery dates and associated details in<\/span><br \/>\n<span style=\"color: #ffffff\">real time for efficient and responsive management.<\/span><\/p>\n<p>\n\t\n\t<\/div>\n\t<div class=\"box-icon\"><img decoding=\"async\" src=\"https:\/\/asqhub.com\/arbidia\/wp-content\/uploads\/2018\/08\/certificate-3906_9409fbfb-3ac8-44aa-bdc3-e7793fad872f.svg\" alt=\"Management\" \/><\/div>\t\n\t\n<\/div><\/div><\/div><\/div><div class=\"wpb_column vc_column_container vc_col-sm-3\"><div class=\"vc_column-inner\"><div class=\"wpb_wrapper\"><div class=\"iconbox style4  vc_custom_1759095848020\">\n\n\t<h4 class=\"box-title\">Allocation<\/h4>\n\t<div class=\"box-detail\">\n\t\t<\/p>\n<p style=\"text-align: center\"><span style=\"color: #ffffff\">Dynamic route visualization and validation, integrating operational constraints and real-time<\/span><br \/>\n<span style=\"color: #ffffff\">conditions for optimal planning.<\/span><\/p>\n<p>\n\t\n\t<\/div>\n\t<div class=\"box-icon\"><img decoding=\"async\" src=\"https:\/\/asqhub.com\/arbidia\/wp-content\/uploads\/2018\/09\/computer-network-1878_39828809-88f9-48e1-9a76-61c99401ec99.svg\" alt=\"Allocation\" \/><\/div>\t\n\t\n<\/div><\/div><\/div><\/div><\/div><\/div><\/div><\/div><\/div><\/div><\/section>\n<\/div>","protected":false},"excerpt":{"rendered":"Nos modulesFREIGHT PLAN Demander une d\u00e9mo L\u2019intelligence qui pilote vos ressources et optimise votre temps Ce module assure une gestion intelligente des ressources gr\u00e2ce \u00e0 l'organisation automatique des tourn\u00e9es, l'affectation dynamique des chauffeurs et des unit\u00e9s de transport, optimisant ainsi l'efficacit\u00e9 op\u00e9rationnelle. D\u00e9mo Fonctionnalit\u00e9s de FREIGHT PLAN Real time Allocation of vehicles and drivers based [...]","protected":false},"author":1,"featured_media":0,"parent":0,"menu_order":0,"comment_status":"closed","ping_status":"closed","template":"tmpl\/template-fullwidth.php","meta":{"_acf_changed":false,"om_disable_all_campaigns":false,"pagelayer_contact_templates":[],"_pagelayer_content":"","_monsterinsights_skip_tracking":false,"_monsterinsights_sitenote_active":false,"_monsterinsights_sitenote_note":"","_monsterinsights_sitenote_category":0,"footnotes":""},"class_list":["post-1995","page","type-page","status-publish","hentry"],"acf":[],"aioseo_notices":[],"_links":{"self":[{"href":"https:\/\/asqhub.com\/arbidia\/en\/wp-json\/wp\/v2\/pages\/1995","targetHints":{"allow":["GET"]}}],"collection":[{"href":"https:\/\/asqhub.com\/arbidia\/en\/wp-json\/wp\/v2\/pages"}],"about":[{"href":"https:\/\/asqhub.com\/arbidia\/en\/wp-json\/wp\/v2\/types\/page"}],"author":[{"embeddable":true,"href":"https:\/\/asqhub.com\/arbidia\/en\/wp-json\/wp\/v2\/users\/1"}],"replies":[{"embeddable":true,"href":"https:\/\/asqhub.com\/arbidia\/en\/wp-json\/wp\/v2\/comments?post=1995"}],"version-history":[{"count":36,"href":"https:\/\/asqhub.com\/arbidia\/en\/wp-json\/wp\/v2\/pages\/1995\/revisions"}],"predecessor-version":[{"id":2678,"href":"https:\/\/asqhub.com\/arbidia\/en\/wp-json\/wp\/v2\/pages\/1995\/revisions\/2678"}],"wp:attachment":[{"href":"https:\/\/asqhub.com\/arbidia\/en\/wp-json\/wp\/v2\/media?parent=1995"}],"curies":[{"name":"wp","href":"https:\/\/api.w.org\/{rel}","templated":true}]}}