{"id":1967,"date":"2025-07-14T14:32:49","date_gmt":"2025-07-14T14:32:49","guid":{"rendered":"https:\/\/asqhub.com\/arbidia\/?page_id=1967"},"modified":"2025-07-14T18:14:09","modified_gmt":"2025-07-14T18:14:09","slug":"faq-freightsure","status":"publish","type":"page","link":"https:\/\/asqhub.com\/arbidia\/en\/faq-freightsure\/","title":{"rendered":"FAQ"},"content":{"rendered":"<div class=\"wpb-content-wrapper\"><section style=\"\" class=\"vc_section vc_custom_1575621496598 vc_section-has-fill\"><div style=\"\" class=\"vc_row wpb_row vc_row-fluid vc_custom_1752507533059 vc_row-has-fill\"><div class=\"row-inner\"><div class=\"wpb_column vc_column_container vc_col-sm-2\"><div class=\"vc_column-inner\"><div class=\"wpb_wrapper\"><\/div><\/div><\/div><div class=\"wpb_column vc_column_container vc_col-sm-8\"><div class=\"vc_column-inner\"><div class=\"wpb_wrapper\"><div class=\"vc_icon_element vc_icon_element-outer vc_do_icon vc_icon_element-align-center\"><div class=\"vc_icon_element-inner vc_icon_element-color-white vc_icon_element-size-xl vc_icon_element-style- vc_icon_element-background-color-grey\" ><span class=\"vc_icon_element-icon entypo-icon entypo-icon-chat\" ><\/span><\/div><\/div><div class=\"vc_row wpb_row vc_inner vc_row-fluid\"><div class=\"wpb_column vc_column_container vc_col-sm-2\"><div class=\"vc_column-inner\"><div class=\"wpb_wrapper\"><\/div><\/div><\/div><div class=\"wpb_column vc_column_container vc_col-sm-8\"><div class=\"vc_column-inner\"><div class=\"wpb_wrapper\"><h2 style=\"color: #ffffff;text-align: center\" class=\"vc_custom_heading vc_do_custom_heading text-shadow\" >Do you have any questions?<\/h2><div class=\"vc_empty_space\"   style=\"height: 10px\"><span class=\"vc_empty_space_inner\"><\/span><\/div><div style=\"color: rgba(255,255,255,0.9);text-align: center\" class=\"vc_custom_heading vc_do_custom_heading\" >Find answers and solutions to common computer problems. If you can't find an answer, contact us; we'll be happy to help.<\/div><\/div><\/div><\/div><div class=\"wpb_column vc_column_container vc_col-sm-2\"><div class=\"vc_column-inner\"><div class=\"wpb_wrapper\"><\/div><\/div><\/div><\/div><div class=\"vc_empty_space\"   style=\"height: 40px\"><span class=\"vc_empty_space_inner\"><\/span><\/div><div  class=\"vc_wp_search wpb_content_element faq\"><div class=\"widget widget_search\"><form role=\"search\" method=\"get\" class=\"search-form\" action=\"https:\/\/asqhub.com\/arbidia\/en\/\" data-trp-original-action=\"https:\/\/asqhub.com\/arbidia\/en\/\">\n\t\t\t\t<label>\n\t\t\t\t\t<span class=\"screen-reader-text\">Search for:<\/span>\n\t\t\t\t\t<input type=\"search\" class=\"search-field\" placeholder=\"Search &hellip;\" value=\"\" name=\"s\" \/>\n\t\t\t\t<\/label>\n\t\t\t\t<input type=\"submit\" class=\"search-submit\" value=\"Search\" \/>\n\t\t\t<input type=\"hidden\" name=\"trp-form-language\" value=\"en\"\/><\/form><\/div><\/div><div class=\"vc_empty_space\"   style=\"height: 30px\"><span class=\"vc_empty_space_inner\"><\/span><\/div><div style=\"font-size: 14px;color: rgba(255,255,255,0.9);text-align: center\" class=\"vc_custom_heading vc_do_custom_heading\" >Please call our office at +216 29 849 431 or email us with your question.<\/div><\/div><\/div><\/div><div class=\"wpb_column vc_column_container vc_col-sm-2\"><div class=\"vc_column-inner\"><div class=\"wpb_wrapper\"><\/div><\/div><\/div><\/div><\/div><\/section><div style=\"\" class=\"vc_row wpb_row vc_row-fluid\"><div class=\"row-inner\"><div class=\"wpb_column vc_column_container vc_col-sm-12 vc_hidden-sm vc_hidden-xs\"><div class=\"vc_column-inner\"><div class=\"wpb_wrapper\"><div  class=\"wpb_widgetised_column wpb_content_element\">\n\t\t<div class=\"wpb_wrapper\">\n\t\t\t\n\t\t\t<div id=\"nav_menu-8\" class=\"widget-odd widget-last widget-first widget-1 fixed-menu widget widget_nav_menu\"><div class=\"menu-industries-container\"><ul id=\"menu-industries\" class=\"menu\"><li id=\"menu-item-1274\" class=\"menu-item menu-item-type-custom menu-item-object-custom menu-item-1274\"><a href=\"https:\/\/asqhub.com\/arbidia\/en\/cas-dusage-freigtsure\/\" data-ps2id-api=\"true\">Community Transportation &amp; Dairy Products<\/a><\/li>\n<li id=\"menu-item-1300\" class=\"menu-item menu-item-type-custom menu-item-object-custom menu-item-1300\"><a href=\"https:\/\/asqhub.com\/arbidia\/en\/transport-dhydrocarbures\/\" data-ps2id-api=\"true\">Hydrocarbons Transport<\/a><\/li>\n<li id=\"menu-item-1275\" class=\"menu-item menu-item-type-custom menu-item-object-custom menu-item-1275\"><a href=\"https:\/\/asqhub.com\/arbidia\/en\/transport-agricole\/\" data-ps2id-api=\"true\">Agricultural Transport<\/a><\/li>\n<li id=\"menu-item-1276\" class=\"menu-item menu-item-type-custom menu-item-object-custom menu-item-1276\"><a href=\"https:\/\/asqhub.com\/arbidia\/en\/transport-de-produits-frais\/\" data-ps2id-api=\"true\">Fresh Products Transport<\/a><\/li>\n<li id=\"menu-item-1277\" class=\"menu-item menu-item-type-custom menu-item-object-custom menu-item-1277\"><a href=\"https:\/\/asqhub.com\/arbidia\/en\/retail-distribution\/\" data-ps2id-api=\"true\">Retail &amp; Distribution<\/a><\/li>\n<li id=\"menu-item-1280\" class=\"menu-item menu-item-type-custom menu-item-object-custom menu-item-1280\"><a href=\"https:\/\/asqhub.com\/arbidia\/en\/faq-freightsure\/\" data-ps2id-api=\"true\">FAQ<\/a><\/li>\n<\/ul><\/div><\/div>\n\t\t<\/div>\n\t<\/div>\n<\/div><\/div><\/div><\/div><\/div><div style=\"\" class=\"vc_row wpb_row vc_row-fluid vc_custom_1575621518082\"><div class=\"row-inner\"><div class=\"wpb_column vc_column_container vc_col-sm-12\"><div class=\"vc_column-inner\"><div class=\"wpb_wrapper\"><h3 style=\"text-align: center\" class=\"vc_custom_heading vc_do_custom_heading\" >Frequently Asked Questions \u2013 FAQ<\/h3><div class=\"vc_empty_space\"   style=\"height: 40px\"><span class=\"vc_empty_space_inner\"><\/span><\/div><div class=\"vc_row wpb_row vc_inner vc_row-fluid\"><div class=\"wpb_column vc_column_container vc_col-sm-6\"><div class=\"vc_column-inner\"><div class=\"wpb_wrapper\"><div  class=\"vc_do_toggle vc_toggle vc_toggle_default vc_toggle_color_default  vc_toggle_size_md\"><div class=\"vc_toggle_title\"><h4>Which sensors are compatible with FREIGHTSURE?<\/h4><i class=\"vc_toggle_icon\"><\/i><\/div><div class=\"vc_toggle_content\"><p>FREIGHTSURE is designed to work with a wide range of standard and<br \/>\nindustry-specific IoT sensors:<br \/>\n\u2022 Temperature sensors<br \/>\n\u2022 Pressure and level sensors<br \/>\n\u2022 Gas or vibration sensors<br \/>\n\u2022 Door opening sensors<br \/>\n\u2022 Geolocation systems (GPS)<br \/>\n\u2022 Integration is done via secure and open APIs, allowing rapid adaptation<br \/>\nto your existing or future sensor fleet.<\/p>\n<\/div><\/div><div  class=\"vc_do_toggle vc_toggle vc_toggle_default vc_toggle_color_default  vc_toggle_size_md\"><div class=\"vc_toggle_title\"><h4>Can modules be customized according to our industry or specific constraints?<\/h4><i class=\"vc_toggle_icon\"><\/i><\/div><div class=\"vc_toggle_content\"><p>Yes. FREIGHTSURE is designed as a modular and flexible solution. We tailor each module (navigation,\nplanning, tracking, etc.) to your internal processes, regulatory requirements and types of goods\ntransported. Whether you work in agri-food, oil, distribution or public services, we build a custom\nsolution with you.<\/p>\n<\/div><\/div><div  class=\"vc_do_toggle vc_toggle vc_toggle_default vc_toggle_color_default  vc_toggle_size_md\"><div class=\"vc_toggle_title\"><h4>Does FREIGHTSURE operate in isolated or rural environments?<\/h4><i class=\"vc_toggle_icon\"><\/i><\/div><div class=\"vc_toggle_content\"><p>Absolutely. Thanks to hybrid technologies (4G\/5G, satellite or radio depending on the area),\nFREIGHTSURE remains operational even in low-connectivity environments. In case of network outage,\ndata is stored locally and automatically synchronized as soon as the signal returns.<\/p>\n<\/div><\/div><\/div><\/div><\/div><div class=\"wpb_column vc_column_container vc_col-sm-6\"><div class=\"vc_column-inner\"><div class=\"wpb_wrapper\"><div  class=\"vc_do_toggle vc_toggle vc_toggle_default vc_toggle_color_default  vc_toggle_size_md\"><div class=\"vc_toggle_title\"><h4>How to integrate FREIGHTSURE with my ERP or other internal tools?<\/h4><i class=\"vc_toggle_icon\"><\/i><\/div><div class=\"vc_toggle_content\"><p>FREIGHTSURE offers an API-first architecture, which facilitates integration with any type of system\n(ERP, WMS, CRM, e-commerce platforms, etc.). Our technical teams support you in setting up secure\nconnections and data mapping to guarantee smooth synchronization between your tools.<\/p>\n<\/div><\/div><div  class=\"vc_do_toggle vc_toggle vc_toggle_default vc_toggle_color_default  vc_toggle_size_md\"><div class=\"vc_toggle_title\"><h4>Are collected data secure?<\/h4><i class=\"vc_toggle_icon\"><\/i><\/div><div class=\"vc_toggle_content\"><p>Yes. All data collected by FREIGHTSURE is encrypted (SSL\/TLS), stored on secure servers and\ncompliant with applicable data protection standards (GDPR, ISO 27001, etc.). We also implement\ncustomized access controls and regular audits to ensure the confidentiality and integrity of your\ninformation.<\/p>\n<\/div><\/div><div  class=\"vc_do_toggle vc_toggle vc_toggle_default vc_toggle_color_default  vc_toggle_size_md\"><div class=\"vc_toggle_title\"><h4>How long does it take to deploy FREIGHTSURE?<\/h4><i class=\"vc_toggle_icon\"><\/i><\/div><div class=\"vc_toggle_content\"><p>Deployment depends on the size of your fleet and your specific needs. On average, a standard\ndeployment can be completed in less than 30 days. Our teams provide full support: installation,\ntraining, configuration, testing and go-live.<\/p>\n<\/div><\/div><\/div><\/div><\/div><\/div><div class=\"vc_empty_space\"   style=\"height: 30px\"><span class=\"vc_empty_space_inner\"><\/span><\/div>\n\t<div class=\"wpb_text_column wpb_content_element\" >\n\t\t<div class=\"wpb_wrapper\">\n\t\t\t<p style=\"text-align: center;\">Didn't find your answer?<br \/>\n<a class=\"dot\" href=\"https:\/\/asqhub.com\/arbidia\/en\/contact-us\/\" target=\"_blank\" rel=\"noopener\">Ask a question.<\/a><\/p>\n\n\t\t<\/div>\n\t<\/div>\n<\/div><\/div><\/div><\/div><\/div>\n<\/div>","protected":false},"excerpt":{"rendered":"Avez-vous des questions?Trouvez des r\u00e9ponses et des solutions aux probl\u00e8mes informatiques courants. Si vous ne trouvez pas de r\u00e9ponse, contactez-nous ; nous serons ravis de vous aider. Search for: Veuillez appeler notre bureau au +216 29 849 431 ou nous envoyer un e-mail avec votre question Transport de Collectivit\u00e9s &#038; Produits Laitiers Transport d\u2019Hydrocarbures Transport [...]","protected":false},"author":1,"featured_media":0,"parent":0,"menu_order":0,"comment_status":"closed","ping_status":"closed","template":"tmpl\/template-fullwidth.php","meta":{"_acf_changed":false,"om_disable_all_campaigns":false,"pagelayer_contact_templates":[],"_pagelayer_content":"","_monsterinsights_skip_tracking":false,"_monsterinsights_sitenote_active":false,"_monsterinsights_sitenote_note":"","_monsterinsights_sitenote_category":0,"footnotes":""},"class_list":["post-1967","page","type-page","status-publish","hentry"],"acf":[],"aioseo_notices":[],"_links":{"self":[{"href":"https:\/\/asqhub.com\/arbidia\/en\/wp-json\/wp\/v2\/pages\/1967","targetHints":{"allow":["GET"]}}],"collection":[{"href":"https:\/\/asqhub.com\/arbidia\/en\/wp-json\/wp\/v2\/pages"}],"about":[{"href":"https:\/\/asqhub.com\/arbidia\/en\/wp-json\/wp\/v2\/types\/page"}],"author":[{"embeddable":true,"href":"https:\/\/asqhub.com\/arbidia\/en\/wp-json\/wp\/v2\/users\/1"}],"replies":[{"embeddable":true,"href":"https:\/\/asqhub.com\/arbidia\/en\/wp-json\/wp\/v2\/comments?post=1967"}],"version-history":[{"count":5,"href":"https:\/\/asqhub.com\/arbidia\/en\/wp-json\/wp\/v2\/pages\/1967\/revisions"}],"predecessor-version":[{"id":2024,"href":"https:\/\/asqhub.com\/arbidia\/en\/wp-json\/wp\/v2\/pages\/1967\/revisions\/2024"}],"wp:attachment":[{"href":"https:\/\/asqhub.com\/arbidia\/en\/wp-json\/wp\/v2\/media?parent=1967"}],"curies":[{"name":"wp","href":"https:\/\/api.w.org\/{rel}","templated":true}]}}